{"id":132,"date":"2025-05-28T13:20:43","date_gmt":"2025-05-28T11:20:43","guid":{"rendered":"https:\/\/personal.unizar.es\/alegret2\/?page_id=132"},"modified":"2025-09-19T13:07:40","modified_gmt":"2025-09-19T11:07:40","slug":"grupo","status":"publish","type":"page","link":"https:\/\/personal.unizar.es\/alegret2\/grupo\/","title":{"rendered":"Grupo"},"content":{"rendered":"<p>[et_pb_section fb_built=\u00bb1&#8243; _builder_version=\u00bb4.27.4&#8243; _module_preset=\u00bbdefault\u00bb global_colors_info=\u00bb{}\u00bb][et_pb_row column_structure=\u00bb1_4,1_4,1_4,1_4&#8243; _builder_version=\u00bb4.27.4&#8243; _module_preset=\u00bbdefault\u00bb global_colors_info=\u00bb{}\u00bb][et_pb_column type=\u00bb1_4&#8243; _builder_version=\u00bb4.27.4&#8243; _module_preset=\u00bbdefault\u00bb global_colors_info=\u00bb{}\u00bb][et_pb_team_member name=\u00bbLaia Alegret\u00bb position=\u00bbInvestigadora principal\u00bb image_url=\u00bbhttps:\/\/personal.unizar.es\/alegret\/wp-content\/uploads\/2025\/05\/Laia-Alegret_Investigadora-principal.jpg\u00bb _builder_version=\u00bb4.27.4&#8243; _module_preset=\u00bbdefault\u00bb position_text_color=\u00bb#0C71C3&#8243; link_option_url=\u00bbhttps:\/\/personal.unizar.es\/alegret\/\u00bb global_colors_info=\u00bb{}\u00bb][\/et_pb_team_member][\/et_pb_column][et_pb_column type=\u00bb1_4&#8243; _builder_version=\u00bb4.27.4&#8243; _module_preset=\u00bbdefault\u00bb global_colors_info=\u00bb{}\u00bb][et_pb_team_member name=\u00bbGabriela Arregu\u00edn-Rodr\u00edguez\u00bb position=\u00bbContratada postdoctoral N2&#8243; image_url=\u00bbhttps:\/\/personal.unizar.es\/alegret\/wp-content\/uploads\/2025\/05\/Gabriela-Arreguin-Rodriguez.jpg\u00bb _builder_version=\u00bb4.27.4&#8243; _module_preset=\u00bbdefault\u00bb header_font_size=\u00bb16px\u00bb header_line_height=\u00bb1.4em\u00bb position_text_color=\u00bb#474747&#8243; position_font_size=\u00bb15px\u00bb global_colors_info=\u00bb{}\u00bb]<\/p>\n<p>A cargo del proyecto PID2023-149894OB-I00 (Ministerio de Ciencia, Innovaci\u00f3n y Universidades). 2025-2027<\/p>\n<p>[\/et_pb_team_member][\/et_pb_column][et_pb_column type=\u00bb1_4&#8243; _builder_version=\u00bb4.27.4&#8243; _module_preset=\u00bbdefault\u00bb global_colors_info=\u00bb{}\u00bb][et_pb_team_member name=\u00bbMartina Caratelli\u00bb position=\u00bbContratada postdoctoral Juan de la Cierva\u00bb image_url=\u00bbhttps:\/\/personal.unizar.es\/alegret\/wp-content\/uploads\/2025\/05\/Martina.jpg\u00bb _builder_version=\u00bb4.27.4&#8243; _module_preset=\u00bbdefault\u00bb header_font_size=\u00bb16px\u00bb position_text_color=\u00bb#474747&#8243; position_font_size=\u00bb15px\u00bb global_colors_info=\u00bb{}\u00bb][\/et_pb_team_member][\/et_pb_column][et_pb_column type=\u00bb1_4&#8243; _builder_version=\u00bb4.27.4&#8243; _module_preset=\u00bbdefault\u00bb global_colors_info=\u00bb{}\u00bb][et_pb_team_member name=\u00bbIrene Pe\u00f1alver-Clavel\u00bb position=\u00bbContratada predoctoral FPI\u00bb image_url=\u00bbhttps:\/\/personal.unizar.es\/alegret\/wp-content\/uploads\/2025\/05\/Irene_Penalver.jpg\u00bb _builder_version=\u00bb4.27.4&#8243; _module_preset=\u00bbdefault\u00bb header_font_size=\u00bb16px\u00bb position_text_color=\u00bb#474747&#8243; position_font_size=\u00bb15px\u00bb global_colors_info=\u00bb{}\u00bb]<\/p>\n<p>Ref. PRE2020-092638. T\u00edtulo de la tesis doctoral: <em>Los eventos c\u00e1lidos del Paleoceno y Eoceno en Zelandia: correlaci\u00f3n e interpretaci\u00f3n paleoambiental basadas en geoqu\u00edmica y foramin\u00edferos bent\u00f3nicos.<\/em> Prevista 2025.<\/p>\n<p>[\/et_pb_team_member][\/et_pb_column][\/et_pb_row][et_pb_row column_structure=\u00bb1_4,1_4,1_4,1_4&#8243; _builder_version=\u00bb4.27.4&#8243; _module_preset=\u00bbdefault\u00bb global_colors_info=\u00bb{}\u00bb][et_pb_column type=\u00bb1_4&#8243; _builder_version=\u00bb4.27.4&#8243; _module_preset=\u00bbdefault\u00bb global_colors_info=\u00bb{}\u00bb][\/et_pb_column][et_pb_column type=\u00bb1_4&#8243; _builder_version=\u00bb4.27.4&#8243; _module_preset=\u00bbdefault\u00bb global_colors_info=\u00bb{}\u00bb][et_pb_team_member name=\u00bbJulia de Entrambasaguas\u00bb position=\u00bbContratada predoctoral FPI\u00bb image_url=\u00bbdata:image\/svg+xml;base64,PHN2ZyB3aWR0aD0iNTAwIiBoZWlnaHQ9IjUwMCIgdmlld0JveD0iMCAwIDUwMCA1MDAiIHhtbG5zPSJodHRwOi8vd3d3LnczLm9yZy8yMDAwL3N2ZyI+CiAgICA8ZyBmaWxsPSJub25lIiBmaWxsLXJ1bGU9ImV2ZW5vZGQiPgogICAgICAgIDxwYXRoIGZpbGw9IiNFQkVCRUIiIGQ9Ik0wIDBoNTAwdjUwMEgweiIvPgogICAgICAgIDxyZWN0IGZpbGwtb3BhY2l0eT0iLjEiIGZpbGw9IiMwMDAiIHg9IjY4IiB5PSIzMDUiIHdpZHRoPSIzNjQiIGhlaWdodD0iNTY4IiByeD0iMTgyIi8+CiAgICAgICAgPGNpcmNsZSBmaWxsLW9wYWNpdHk9Ii4xIiBmaWxsPSIjMDAwIiBjeD0iMjQ5IiBjeT0iMTcyIiByPSIxMDAiLz4KICAgIDwvZz4KPC9zdmc+Cg==\u00bb _builder_version=\u00bb4.27.4&#8243; _module_preset=\u00bbdefault\u00bb header_font_size=\u00bb16px\u00bb position_text_color=\u00bb#474747&#8243; position_font_size=\u00bb15px\u00bb global_colors_info=\u00bb{}\u00bb]<\/p>\n<p>Ref. PRE2020-093630. T\u00edtulo de la tesis doctoral: <em>Evoluci\u00f3n de los foramin\u00edferos bent\u00f3nicos y cambios paleoambientales a trav\u00e9s del Pale\u00f3geno en el Oc\u00e9ano Atl\u00e1ntico. <\/em>Prevista 2025<\/p>\n<p>[\/et_pb_team_member][\/et_pb_column][et_pb_column type=\u00bb1_4&#8243; _builder_version=\u00bb4.27.4&#8243; _module_preset=\u00bbdefault\u00bb global_colors_info=\u00bb{}\u00bb][et_pb_team_member name=\u00bbGuido Mantilla\u00bb position=\u00bbContratado predoctoral FPI\u00bb image_url=\u00bbhttps:\/\/personal.unizar.es\/alegret\/wp-content\/uploads\/2025\/05\/Guido-Mantilla.jpg\u00bb _builder_version=\u00bb4.27.4&#8243; _module_preset=\u00bbdefault\u00bb header_font_size=\u00bb16px\u00bb position_text_color=\u00bb#474747&#8243; position_font_size=\u00bb15px\u00bb global_colors_info=\u00bb{}\u00bb]<\/p>\n<p>PRE2024-UZ-01. T\u00edtulo de la tesis doctoral: <em>Diversificaci\u00f3n de los rotal\u00edidos trocospiralados durante el Cret\u00e1cico Inferior: inferencias paleoambientales y cambio global <\/em>(2025-2028).<\/p>\n<p>[\/et_pb_team_member][\/et_pb_column][et_pb_column type=\u00bb1_4&#8243; _builder_version=\u00bb4.27.4&#8243; _module_preset=\u00bbdefault\u00bb global_colors_info=\u00bb{}\u00bb][et_pb_team_member name=\u00bbAstrid Jocelyn Mora Rivera \u00bb image_url=\u00bbhttps:\/\/personal.unizar.es\/alegret\/wp-content\/uploads\/2025\/05\/Astrid.jpg\u00bb _builder_version=\u00bb4.27.4&#8243; _module_preset=\u00bbdefault\u00bb header_font_size=\u00bb16px\u00bb position_text_color=\u00bb#474747&#8243; position_font_size=\u00bb15px\u00bb global_colors_info=\u00bb{}\u00bb]<\/p>\n<p>(Universidad Aut\u00f3noma de Baja California, M\u00e9xico). T\u00edtulo de la tesis doctoral: <em>Foramin\u00edferos bent\u00f3nicos y cambios paleoambientales a trav\u00e9s del tr\u00e1nsito Eoceno\/Oligoceno. <\/em><\/p>\n<p>[\/et_pb_team_member][\/et_pb_column][\/et_pb_row][et_pb_row _builder_version=\u00bb4.27.4&#8243; _module_preset=\u00bbdefault\u00bb global_colors_info=\u00bb{}\u00bb][et_pb_column type=\u00bb4_4&#8243; _builder_version=\u00bb4.27.4&#8243; _module_preset=\u00bbdefault\u00bb global_colors_info=\u00bb{}\u00bb][et_pb_image src=\u00bbhttps:\/\/personal.unizar.es\/alegret2\/wp-content\/uploads\/2025\/09\/Equipo-_-1.jpg\u00bb title_text=\u00bbEquipo _\u00bb _builder_version=\u00bb4.27.4&#8243; _module_preset=\u00bbdefault\u00bb hover_enabled=\u00bb0&#8243; global_colors_info=\u00bb{}\u00bb sticky_enabled=\u00bb0&#8243;][\/et_pb_image][\/et_pb_column][\/et_pb_row][\/et_pb_section]<\/p>\n","protected":false},"excerpt":{"rendered":"<p>A cargo del proyecto PID2023-149894OB-I00 (Ministerio de Ciencia, Innovaci\u00f3n y Universidades). 2025-2027Ref. PRE2020-092638. T\u00edtulo de la tesis doctoral: Los eventos c\u00e1lidos del Paleoceno y Eoceno en Zelandia: correlaci\u00f3n e interpretaci\u00f3n paleoambiental basadas en geoqu\u00edmica y foramin\u00edferos bent\u00f3nicos. Prevista 2025.Ref. PRE2020-093630. T\u00edtulo de la tesis doctoral: Evoluci\u00f3n de los foramin\u00edferos bent\u00f3nicos y cambios paleoambientales a trav\u00e9s [&hellip;]<\/p>\n","protected":false},"author":1,"featured_media":0,"parent":0,"menu_order":0,"comment_status":"closed","ping_status":"closed","template":"","meta":{"_et_pb_use_builder":"on","_et_pb_old_content":"","_et_gb_content_width":"","footnotes":""},"class_list":["post-132","page","type-page","status-publish","hentry"],"_links":{"self":[{"href":"https:\/\/personal.unizar.es\/alegret2\/wp-json\/wp\/v2\/pages\/132","targetHints":{"allow":["GET"]}}],"collection":[{"href":"https:\/\/personal.unizar.es\/alegret2\/wp-json\/wp\/v2\/pages"}],"about":[{"href":"https:\/\/personal.unizar.es\/alegret2\/wp-json\/wp\/v2\/types\/page"}],"author":[{"embeddable":true,"href":"https:\/\/personal.unizar.es\/alegret2\/wp-json\/wp\/v2\/users\/1"}],"replies":[{"embeddable":true,"href":"https:\/\/personal.unizar.es\/alegret2\/wp-json\/wp\/v2\/comments?post=132"}],"version-history":[{"count":12,"href":"https:\/\/personal.unizar.es\/alegret2\/wp-json\/wp\/v2\/pages\/132\/revisions"}],"predecessor-version":[{"id":565,"href":"https:\/\/personal.unizar.es\/alegret2\/wp-json\/wp\/v2\/pages\/132\/revisions\/565"}],"wp:attachment":[{"href":"https:\/\/personal.unizar.es\/alegret2\/wp-json\/wp\/v2\/media?parent=132"}],"curies":[{"name":"wp","href":"https:\/\/api.w.org\/{rel}","templated":true}]}}