{"id":21,"date":"2025-03-18T14:48:37","date_gmt":"2025-03-18T13:48:37","guid":{"rendered":"https:\/\/personal.unizar.es\/alegret2\/?page_id=21"},"modified":"2025-06-29T19:06:10","modified_gmt":"2025-06-29T17:06:10","slug":"lineas-de-investigacion","status":"publish","type":"page","link":"https:\/\/personal.unizar.es\/alegret2\/lineas-de-investigacion\/","title":{"rendered":"L\u00edneas de investigaci\u00f3n"},"content":{"rendered":"<p>[et_pb_section fb_built=\u00bb1&#8243; _builder_version=\u00bb4.27.4&#8243; _module_preset=\u00bbdefault\u00bb global_colors_info=\u00bb{}\u00bb][et_pb_row column_structure=\u00bb1_3,2_3&#8243; _builder_version=\u00bb4.27.4&#8243; _module_preset=\u00bbdefault\u00bb global_colors_info=\u00bb{}\u00bb][et_pb_column type=\u00bb1_3&#8243; _builder_version=\u00bb4.27.4&#8243; _module_preset=\u00bbdefault\u00bb global_colors_info=\u00bb{}\u00bb][et_pb_image src=\u00bbhttps:\/\/personal.unizar.es\/alegret\/wp-content\/uploads\/2025\/06\/foraminiferos.png\u00bb title_text=\u00bbforamini\u0301feros\u00bb _builder_version=\u00bb4.27.4&#8243; _module_preset=\u00bbdefault\u00bb global_colors_info=\u00bb{}\u00bb][\/et_pb_image][\/et_pb_column][et_pb_column type=\u00bb2_3&#8243; _builder_version=\u00bb4.27.4&#8243; _module_preset=\u00bbdefault\u00bb global_colors_info=\u00bb{}\u00bb][et_pb_text _builder_version=\u00bb4.27.4&#8243; _module_preset=\u00bbdefault\u00bb header_2_line_height=\u00bb1.2em\u00bb global_colors_info=\u00bb{}\u00bb]<\/p>\n<h2><strong>Micropaleontolog\u00eda y foramin\u00edferos bent\u00f3nicos<\/strong>.<\/h2>\n<ul>\n<li>Taxonom\u00eda y paleoecolog\u00eda.<\/li>\n<li>Aplicaciones, reconstrucciones paleoambientales, paleoceanograf\u00eda.<\/li>\n<li>Evoluci\u00f3n y eventos de extinci\u00f3n.<\/li>\n<li>Otros microf\u00f3siles como indicadores de cambios en los oc\u00e9anos.<\/li>\n<\/ul>\n<p>[\/et_pb_text][\/et_pb_column][\/et_pb_row][et_pb_row _builder_version=\u00bb4.27.4&#8243; _module_preset=\u00bbdefault\u00bb custom_margin=\u00bb0px||0px||false|false\u00bb custom_padding=\u00bb0px||0px||false|false\u00bb global_colors_info=\u00bb{}\u00bb][et_pb_column type=\u00bb4_4&#8243; _builder_version=\u00bb4.27.4&#8243; _module_preset=\u00bbdefault\u00bb global_colors_info=\u00bb{}\u00bb][et_pb_divider _builder_version=\u00bb4.27.4&#8243; _module_preset=\u00bbdefault\u00bb custom_margin=\u00bb0px||0px||false|false\u00bb custom_padding=\u00bb0px||0px||false|false\u00bb global_colors_info=\u00bb{}\u00bb][\/et_pb_divider][\/et_pb_column][\/et_pb_row][et_pb_row column_structure=\u00bb1_3,2_3&#8243; _builder_version=\u00bb4.27.4&#8243; _module_preset=\u00bbdefault\u00bb global_colors_info=\u00bb{}\u00bb][et_pb_column type=\u00bb1_3&#8243; _builder_version=\u00bb4.27.4&#8243; _module_preset=\u00bbdefault\u00bb global_colors_info=\u00bb{}\u00bb][et_pb_image src=\u00bbhttps:\/\/personal.unizar.es\/alegret\/wp-content\/uploads\/2025\/06\/Eventos-criticos.jpeg\u00bb title_text=\u00bbEventos cri\u0301ticos\u00bb _builder_version=\u00bb4.27.4&#8243; _module_preset=\u00bbdefault\u00bb global_colors_info=\u00bb{}\u00bb][\/et_pb_image][\/et_pb_column][et_pb_column type=\u00bb2_3&#8243; _builder_version=\u00bb4.27.4&#8243; _module_preset=\u00bbdefault\u00bb global_colors_info=\u00bb{}\u00bb][et_pb_text _builder_version=\u00bb4.27.4&#8243; _module_preset=\u00bbdefault\u00bb global_colors_info=\u00bb{}\u00bb]<\/p>\n<h2><strong>Eventos cr\u00edticos.<\/strong><\/h2>\n<ul>\n<li>Cambios clim\u00e1ticos r\u00e1pidos <em>vs.<\/em> graduales<\/li>\n<li>Eventos an\u00f3xicos oce\u00e1nicos.<\/li>\n<li>Impactos de asteroides.<\/li>\n<li>Ciclos biogeoqu\u00edmicos, cambios bi\u00f3ticos<\/li>\n<\/ul>\n<p>[\/et_pb_text][\/et_pb_column][\/et_pb_row][et_pb_row _builder_version=\u00bb4.27.4&#8243; _module_preset=\u00bbdefault\u00bb custom_margin=\u00bb0px||0px||false|false\u00bb custom_padding=\u00bb0px||0px||false|false\u00bb global_colors_info=\u00bb{}\u00bb][et_pb_column type=\u00bb4_4&#8243; _builder_version=\u00bb4.27.4&#8243; _module_preset=\u00bbdefault\u00bb global_colors_info=\u00bb{}\u00bb][et_pb_divider _builder_version=\u00bb4.27.4&#8243; _module_preset=\u00bbdefault\u00bb custom_margin=\u00bb0px||0px||false|false\u00bb custom_padding=\u00bb0px||0px||false|false\u00bb global_colors_info=\u00bb{}\u00bb][\/et_pb_divider][\/et_pb_column][\/et_pb_row][et_pb_row column_structure=\u00bb1_3,2_3&#8243; _builder_version=\u00bb4.27.4&#8243; _module_preset=\u00bbdefault\u00bb global_colors_info=\u00bb{}\u00bb][et_pb_column type=\u00bb1_3&#8243; _builder_version=\u00bb4.27.4&#8243; _module_preset=\u00bbdefault\u00bb global_colors_info=\u00bb{}\u00bb][et_pb_image src=\u00bbhttps:\/\/personal.unizar.es\/alegret\/wp-content\/uploads\/2025\/06\/Cambio-Global.jpeg\u00bb title_text=\u00bbCambio Global\u00bb align=\u00bbcenter\u00bb _builder_version=\u00bb4.27.4&#8243; _module_preset=\u00bbdefault\u00bb global_colors_info=\u00bb{}\u00bb][\/et_pb_image][\/et_pb_column][et_pb_column type=\u00bb2_3&#8243; _builder_version=\u00bb4.27.4&#8243; _module_preset=\u00bbdefault\u00bb global_colors_info=\u00bb{}\u00bb][et_pb_text _builder_version=\u00bb4.27.4&#8243; _module_preset=\u00bbdefault\u00bb header_2_line_height=\u00bb1.3em\u00bb global_colors_info=\u00bb{}\u00bb]<\/p>\n<h2><strong>Los foramin\u00edferos bent\u00f3nicos como indicadores del cambio global.<\/strong><\/h2>\n<ul>\n<li>\u00bfC\u00f3mo penetra el cambio global en el oc\u00e9ano profundo?<\/li>\n<li>\u00bfC\u00f3mo se relaciona el oc\u00e9ano profundo con las condiciones y la vida en la superficie?<\/li>\n<li>Contribuci\u00f3n al estudio del actual cambio clim\u00e1tico.<\/li>\n<\/ul>\n<ul><\/ul>\n<p>[\/et_pb_text][\/et_pb_column][\/et_pb_row][et_pb_row _builder_version=\u00bb4.27.4&#8243; _module_preset=\u00bbdefault\u00bb custom_margin=\u00bb0px||0px||false|false\u00bb custom_padding=\u00bb0px||0px||false|false\u00bb global_colors_info=\u00bb{}\u00bb][et_pb_column type=\u00bb4_4&#8243; _builder_version=\u00bb4.27.4&#8243; _module_preset=\u00bbdefault\u00bb global_colors_info=\u00bb{}\u00bb][et_pb_divider _builder_version=\u00bb4.27.4&#8243; _module_preset=\u00bbdefault\u00bb custom_margin=\u00bb0px||0px||false|false\u00bb custom_padding=\u00bb0px||0px||false|false\u00bb global_colors_info=\u00bb{}\u00bb][\/et_pb_divider][\/et_pb_column][\/et_pb_row][et_pb_row column_structure=\u00bb1_3,2_3&#8243; _builder_version=\u00bb4.27.4&#8243; _module_preset=\u00bbdefault\u00bb global_colors_info=\u00bb{}\u00bb][et_pb_column type=\u00bb1_3&#8243; _builder_version=\u00bb4.27.4&#8243; _module_preset=\u00bbdefault\u00bb global_colors_info=\u00bb{}\u00bb][et_pb_image src=\u00bbhttps:\/\/personal.unizar.es\/alegret\/wp-content\/uploads\/2025\/06\/Zelandia.jpeg\u00bb title_text=\u00bbZelandia\u00bb _builder_version=\u00bb4.27.4&#8243; _module_preset=\u00bbdefault\u00bb global_colors_info=\u00bb{}\u00bb][\/et_pb_image][\/et_pb_column][et_pb_column type=\u00bb2_3&#8243; _builder_version=\u00bb4.27.4&#8243; _module_preset=\u00bbdefault\u00bb global_colors_info=\u00bb{}\u00bb][et_pb_text _builder_version=\u00bb4.27.4&#8243; _module_preset=\u00bbdefault\u00bb global_colors_info=\u00bb{}\u00bb]<\/p>\n<h2>\u00a0<strong>Zelandia, el continente sumergido<\/strong><\/h2>\n<ul>\n<li>\u00bfC\u00f3mo ha evolucionado el continente, y el clima, en los \u00faltimos 70 millones de a\u00f1os?<\/li>\n<li>Foramin\u00edferos bent\u00f3nicos: especies, endemismos, evoluci\u00f3n.<\/li>\n<li>Reconstrucciones paleobatim\u00e9tricas, paleoceanograf\u00eda, paleoclimatolog\u00eda.<\/li>\n<li>Subducci\u00f3n, riesgos geol\u00f3gicos.<\/li>\n<\/ul>\n<p>[\/et_pb_text][\/et_pb_column][\/et_pb_row][et_pb_row column_structure=\u00bb1_2,1_2&#8243; _builder_version=\u00bb4.27.4&#8243; _module_preset=\u00bbdefault\u00bb global_colors_info=\u00bb{}\u00bb][et_pb_column type=\u00bb1_2&#8243; _builder_version=\u00bb4.27.4&#8243; _module_preset=\u00bbdefault\u00bb global_colors_info=\u00bb{}\u00bb][\/et_pb_column][et_pb_column type=\u00bb1_2&#8243; _builder_version=\u00bb4.27.4&#8243; _module_preset=\u00bbdefault\u00bb global_colors_info=\u00bb{}\u00bb][\/et_pb_column][\/et_pb_row][\/et_pb_section]<\/p>\n","protected":false},"excerpt":{"rendered":"<p>Micropaleontolog\u00eda y foramin\u00edferos bent\u00f3nicos. Taxonom\u00eda y paleoecolog\u00eda. Aplicaciones, reconstrucciones paleoambientales, paleoceanograf\u00eda. Evoluci\u00f3n y eventos de extinci\u00f3n. Otros microf\u00f3siles como indicadores de cambios en los oc\u00e9anos. Eventos cr\u00edticos. Cambios clim\u00e1ticos r\u00e1pidos vs. graduales Eventos an\u00f3xicos oce\u00e1nicos. Impactos de asteroides. Ciclos biogeoqu\u00edmicos, cambios bi\u00f3ticos Los foramin\u00edferos bent\u00f3nicos como indicadores del cambio global. \u00bfC\u00f3mo penetra el cambio global [&hellip;]<\/p>\n","protected":false},"author":1,"featured_media":0,"parent":0,"menu_order":0,"comment_status":"closed","ping_status":"closed","template":"","meta":{"_et_pb_use_builder":"on","_et_pb_old_content":"","_et_gb_content_width":"","footnotes":""},"class_list":["post-21","page","type-page","status-publish","hentry"],"_links":{"self":[{"href":"https:\/\/personal.unizar.es\/alegret2\/wp-json\/wp\/v2\/pages\/21","targetHints":{"allow":["GET"]}}],"collection":[{"href":"https:\/\/personal.unizar.es\/alegret2\/wp-json\/wp\/v2\/pages"}],"about":[{"href":"https:\/\/personal.unizar.es\/alegret2\/wp-json\/wp\/v2\/types\/page"}],"author":[{"embeddable":true,"href":"https:\/\/personal.unizar.es\/alegret2\/wp-json\/wp\/v2\/users\/1"}],"replies":[{"embeddable":true,"href":"https:\/\/personal.unizar.es\/alegret2\/wp-json\/wp\/v2\/comments?post=21"}],"version-history":[{"count":6,"href":"https:\/\/personal.unizar.es\/alegret2\/wp-json\/wp\/v2\/pages\/21\/revisions"}],"predecessor-version":[{"id":477,"href":"https:\/\/personal.unizar.es\/alegret2\/wp-json\/wp\/v2\/pages\/21\/revisions\/477"}],"wp:attachment":[{"href":"https:\/\/personal.unizar.es\/alegret2\/wp-json\/wp\/v2\/media?parent=21"}],"curies":[{"name":"wp","href":"https:\/\/api.w.org\/{rel}","templated":true}]}}