{"id":29,"date":"2025-03-18T14:52:16","date_gmt":"2025-03-18T13:52:16","guid":{"rendered":"https:\/\/personal.unizar.es\/alegret2\/?page_id=29"},"modified":"2025-07-18T17:44:20","modified_gmt":"2025-07-18T15:44:20","slug":"proyectos-de-investigacion","status":"publish","type":"page","link":"https:\/\/personal.unizar.es\/alegret2\/proyectos-de-investigacion\/","title":{"rendered":"Proyectos de investigaci\u00f3n"},"content":{"rendered":"<p>[et_pb_section fb_built=\u00bb1&#8243; _builder_version=\u00bb4.27.4&#8243; _module_preset=\u00bbdefault\u00bb custom_padding=\u00bb||18px|||\u00bb global_colors_info=\u00bb{}\u00bb][et_pb_row _builder_version=\u00bb4.27.4&#8243; _module_preset=\u00bbdefault\u00bb global_colors_info=\u00bb{}\u00bb][et_pb_column type=\u00bb4_4&#8243; _builder_version=\u00bb4.27.4&#8243; _module_preset=\u00bbdefault\u00bb global_colors_info=\u00bb{}\u00bb][et_pb_text _builder_version=\u00bb4.27.4&#8243; _module_preset=\u00bbdefault\u00bb global_colors_info=\u00bb{}\u00bb]<\/p>\n<p>Aqu\u00ed se muestran los dos \u00faltimos proyectos financiados por el Ministerio de Ciencia, Innovaci\u00f3n y Universidades (Programa Estatal de I+D+i Orientada a los Retos de la Sociedad). El listado completo de proyectos nacionales e internacionales aparece en <a href=\"https:\/\/personal.unizar.es\/alegret\/wp-content\/uploads\/2025\/05\/Curriculum_Alegret_2025.pdf\" target=\"_blank\" rel=\"noopener\">mi curr\u00edculum<\/a>.<\/p>\n<p>[\/et_pb_text][\/et_pb_column][\/et_pb_row][\/et_pb_section][et_pb_section fb_built=\u00bb1&#8243; _builder_version=\u00bb4.27.4&#8243; _module_preset=\u00bbdefault\u00bb custom_padding=\u00bb0px|||||\u00bb global_colors_info=\u00bb{}\u00bb][et_pb_row _builder_version=\u00bb4.27.4&#8243; _module_preset=\u00bbdefault\u00bb background_enable_color=\u00bboff\u00bb custom_padding=\u00bb||||false|false\u00bb global_colors_info=\u00bb{}\u00bb][et_pb_column type=\u00bb4_4&#8243; _builder_version=\u00bb4.27.4&#8243; _module_preset=\u00bbdefault\u00bb global_colors_info=\u00bb{}\u00bb][et_pb_text _builder_version=\u00bb4.27.4&#8243; _module_preset=\u00bbdefault\u00bb header_2_text_color=\u00bb#0C71C3&#8243; custom_margin=\u00bb|||0px|false|false\u00bb custom_padding=\u00bb|||0px|false|false\u00bb header_2_line_height_tablet=\u00bb\u00bb header_2_line_height_phone=\u00bb1.5em\u00bb header_2_line_height_last_edited=\u00bbon|phone\u00bb global_colors_info=\u00bb{}\u00bb]<\/p>\n<h2><strong>Proyecto actual (2024-2028): GLODIVOCEAN<\/strong><\/h2>\n<p>[\/et_pb_text][\/et_pb_column][\/et_pb_row][et_pb_row _builder_version=\u00bb4.27.4&#8243; _module_preset=\u00bbdefault\u00bb custom_padding=\u00bb||15px|||\u00bb global_colors_info=\u00bb{}\u00bb][et_pb_column type=\u00bb4_4&#8243; _builder_version=\u00bb4.27.4&#8243; _module_preset=\u00bbdefault\u00bb global_colors_info=\u00bb{}\u00bb][et_pb_text _builder_version=\u00bb4.27.4&#8243; _module_preset=\u00bbdefault\u00bb global_colors_info=\u00bb{}\u00bb]<\/p>\n<h4><strong>T\u00edtulo<\/strong><\/h4>\n<p>Cambio global y diversidad desde el Cret\u00e1cico hasta el Pale\u00f3geno: una visi\u00f3n desde las profundidades oce\u00e1nicas. Ref. PID2023-149894OB-I00.<\/p>\n<p>Entidad financiadora: Ministerio de Ciencia, Innovaci\u00f3n y Universidades.<\/p>\n<p>Duraci\u00f3n: 01\/09\/2024 \u2013 31\/08\/2028<\/p>\n<p>Investigadora principal: Laia Alegret<\/p>\n<p>&nbsp;<\/p>\n<h4><strong>Objetivos del proyecto<\/strong><strong><\/strong><\/h4>\n<p><strong><\/strong><\/p>\n<p><strong><\/strong><\/p>\n<ul>\n<li>Investigar la evoluci\u00f3n clim\u00e1tica del Cret\u00e1cico y el Pale\u00f3geno desde la perspectiva de los fondos oce\u00e1nicos profundos, a trav\u00e9s del an\u00e1lisis de los foramin\u00edferos bent\u00f3nicos y su integraci\u00f3n en estudios multidisciplinares.<\/li>\n<li>Caracterizar las perturbaciones a corto y largo plazo del ciclo global del carbono y del clima, as\u00ed como la interacci\u00f3n entre fuerzas abi\u00f3ticas y bi\u00f3ticas.<\/li>\n<li>Analizar si la diversificaci\u00f3n de los foramin\u00edferos bent\u00f3nicos permite discernir si la vida en la Tierra tal como la conocemos fue moldeada por procesos ambientales o evolutivos desde el Cret\u00e1cico Inferior.<\/li>\n<li>Propuesta o reevaluaci\u00f3n de los pisos formales del Pale\u00f3geno y sus secciones de referencia.<\/li>\n<\/ul>\n<p>[\/et_pb_text][\/et_pb_column][\/et_pb_row][et_pb_row _builder_version=\u00bb4.27.4&#8243; _module_preset=\u00bbdefault\u00bb custom_padding=\u00bb||0px|||\u00bb global_colors_info=\u00bb{}\u00bb][et_pb_column type=\u00bb4_4&#8243; _builder_version=\u00bb4.27.4&#8243; _module_preset=\u00bbdefault\u00bb global_colors_info=\u00bb{}\u00bb][et_pb_divider _builder_version=\u00bb4.27.4&#8243; _module_preset=\u00bbdefault\u00bb global_colors_info=\u00bb{}\u00bb][\/et_pb_divider][\/et_pb_column][\/et_pb_row][\/et_pb_section][et_pb_section fb_built=\u00bb1&#8243; _builder_version=\u00bb4.27.4&#8243; _module_preset=\u00bbdefault\u00bb custom_padding=\u00bb0px|||||\u00bb global_colors_info=\u00bb{}\u00bb][et_pb_row _builder_version=\u00bb4.27.4&#8243; _module_preset=\u00bbdefault\u00bb background_enable_color=\u00bboff\u00bb custom_margin=\u00bb-32px|auto||auto||\u00bb custom_padding=\u00bb||||false|false\u00bb global_colors_info=\u00bb{}\u00bb][et_pb_column type=\u00bb4_4&#8243; _builder_version=\u00bb4.27.4&#8243; _module_preset=\u00bbdefault\u00bb global_colors_info=\u00bb{}\u00bb][et_pb_text _builder_version=\u00bb4.27.4&#8243; _module_preset=\u00bbdefault\u00bb header_2_text_color=\u00bb#0C71C3&#8243; header_2_line_height=\u00bb1.5em\u00bb custom_margin=\u00bb|||0px|false|false\u00bb custom_padding=\u00bb|||0px|false|false\u00bb global_colors_info=\u00bb{}\u00bb]<\/p>\n<h2><strong>Proyecto CLIMAFORAM (2020-2024)<\/strong><\/h2>\n<p>[\/et_pb_text][\/et_pb_column][\/et_pb_row][et_pb_row _builder_version=\u00bb4.27.4&#8243; _module_preset=\u00bbdefault\u00bb custom_padding=\u00bb||15px|||\u00bb global_colors_info=\u00bb{}\u00bb][et_pb_column type=\u00bb4_4&#8243; _builder_version=\u00bb4.27.4&#8243; _module_preset=\u00bbdefault\u00bb global_colors_info=\u00bb{}\u00bb][et_pb_text _builder_version=\u00bb4.27.4&#8243; _module_preset=\u00bbdefault\u00bb global_colors_info=\u00bb{}\u00bb]<\/p>\n<h4><strong>T\u00edtulo<\/strong><\/h4>\n<p>Reconstrucci\u00f3n y correlaci\u00f3n de alta resoluci\u00f3n de eventos clim\u00e1ticos del Cret\u00e1cico y Pale\u00f3geno mediante foramin\u00edferos y geoqu\u00edmica. Ref. PID2019-105537RB-I00.<\/p>\n<p><em>Entidad financiadora:<\/em> Ministerio de Ciencia, Innovaci\u00f3n y Universidades, convocatoria de proyectos de I+D+i 2019 programa Retos.<\/p>\n<p><em>Duraci\u00f3n<\/em>: 1\/06\/2020 \u2013 31\/05\/2024<\/p>\n<p><em>Investigadora principal:<\/em> Laia Alegret<a href=\"https:\/\/www.heraldo.es\/noticias\/sociedad\/2025\/04\/02\/un-estudio-liderado-por-la-universidad-de-zaragoza-avanza-en-el-funcionamiento-de-los-oceanos-en-calor-extremo-1812528.html\"><\/a><\/p>\n<p>[\/et_pb_text][\/et_pb_column][\/et_pb_row][et_pb_row _builder_version=\u00bb4.27.4&#8243; _module_preset=\u00bbdefault\u00bb custom_padding=\u00bb||15px|||\u00bb global_colors_info=\u00bb{}\u00bb][et_pb_column type=\u00bb4_4&#8243; _builder_version=\u00bb4.27.4&#8243; _module_preset=\u00bbdefault\u00bb global_colors_info=\u00bb{}\u00bb][et_pb_text _builder_version=\u00bb4.27.4&#8243; _module_preset=\u00bbdefault\u00bb global_colors_info=\u00bb{}\u00bb]<\/p>\n<h4><strong>Objetivos<\/strong><\/h4>\n<p>El proyecto persegu\u00eda analizar los grandes eventos clim\u00e1ticos del Cret\u00e1cico y Pale\u00f3geno, la respuesta bi\u00f3tica y paleoambiental asociadas, y su correlaci\u00f3n a nivel global, especialmente en regiones poco exploradas como Zelandia. Adem\u00e1s, en el marco de la Subcomisi\u00f3n Internacional de Estratigraf\u00eda del Pale\u00f3geno, propon\u00eda analizar diversos afloramientos para completar la definici\u00f3n de los pisos del Pale\u00f3geno.<\/p>\n<p>&#8211; Estudio de la respuesta de los ecosistemas marinos ante eventos paleoclim\u00e1ticos de distinta magnitud y origen, basada en an\u00e1lisis micropaleontol\u00f3gicos y geoqu\u00edmicos:<\/p>\n<ul>\n<li style=\"list-style-type: none;\">\n<ul>\n<li style=\"list-style-type: none;\">\n<ul>\n<li>El Evento Oce\u00e1nico An\u00f3xico OAE2.<\/li>\n<li>Los cambios paleoclim\u00e1ticos asociados al impacto del l\u00edmite Cret\u00e1cico\/Pale\u00f3geno<\/li>\n<li>Eventos hipertermales del Paleoceno y Eoceno.<\/li>\n<li>Evoluci\u00f3n global de los foramin\u00edferos bent\u00f3nicos durante el Pale\u00f3geno.<\/li>\n<li>Taxonom\u00eda de foramin\u00edferos bent\u00f3nicos: uniformizaci\u00f3n y sinonimias.<\/li>\n<\/ul>\n<\/li>\n<\/ul>\n<\/li>\n<\/ul>\n<p>-Determinar variaciones en la resiliencia de los ecosistemas durante los eventos hipertermales.<\/p>\n<ul>\n<li style=\"list-style-type: none;\">\n<ul>\n<li style=\"list-style-type: none;\">\n<ul>\n<li>Resiliencia de los foramin\u00edferos bent\u00f3nicos a trav\u00e9s de eventos r\u00e1pidos.<\/li>\n<li>Cambios a largo plazo en la resiliencia de los foramin\u00edferos bent\u00f3nicos.<\/li>\n<li>Relaci\u00f3n entre la resiliencia de los foramin\u00edferos bent\u00f3nicos y la magnitud de los eventos.<a href=\"https:\/\/www.heraldo.es\/noticias\/sociedad\/2025\/04\/02\/un-estudio-liderado-por-la-universidad-de-zaragoza-avanza-en-el-funcionamiento-de-los-oceanos-en-calor-extremo-1812528.html\"><\/a><\/li>\n<\/ul>\n<\/li>\n<\/ul>\n<\/li>\n<\/ul>\n<p>[\/et_pb_text][et_pb_text _builder_version=\u00bb4.27.4&#8243; _module_preset=\u00bbdefault\u00bb global_colors_info=\u00bb{}\u00bb]<\/p>\n<h4><span style=\"color: #000000; font-size: 18px; font-weight: bold;\"><span style=\"color: #0000ff;\"><a href=\"https:\/\/personal.unizar.es\/alegret\/lineas-de-investigacion\/\" target=\"_blank\" rel=\"noopener\" style=\"color: #0000ff;\">L\u00edneas de investigaci\u00f3n<\/a><\/span> seguidas <\/span><span style=\"color: #000000; font-size: 18px; font-weight: bold;\">para alcanzar los objetivos<\/span><\/h4>\n<p>&nbsp;<\/p>\n<h4><strong>Equipo<\/strong><\/h4>\n<p>&nbsp;<\/p>\n<p style=\"padding-left: 40px;\">Laia Alegret (Investigadora principal)<\/p>\n<p style=\"padding-left: 40px;\">Luis Auqu\u00e9 (Universidad de Zaragoza)<\/p>\n<p style=\"padding-left: 40px;\">Mat\u00edas Reolid (Universidad de Ja\u00e9n)<\/p>\n<p style=\"padding-left: 40px;\">Ellen Thomas (Universidad de Yale, Estados Unidos)<\/p>\n<p style=\"padding-left: 40px;\">Roger Summons (Massachusetts Institute of Technology, Estados Unidos)<\/p>\n<p style=\"padding-left: 40px;\">Gerald R. Dickens (Trinity College, Irlanda)<\/p>\n<p style=\"padding-left: 40px;\">Rupert Sutherland (Victoria University, Nueva Zelanda)<\/p>\n<p style=\"padding-left: 40px;\">Simonetta Monechi (Universidad de Florencia, Italia)<\/p>\n<p style=\"padding-left: 40px;\">Thomas Westerhold (MARUM \u2013 Center for Marine Environmental Sciences, Universidad de Bremen, Alemania)<\/p>\n<p style=\"padding-left: 40px;\">Claudia Agnini (Universidad de Padova, Italia)<\/p>\n<p style=\"padding-left: 40px;\">Julio Sep\u00falveda (Universidad Boulder Colorado, Estados Unidos)<\/p>\n<p style=\"padding-left: 40px;\">Edoardo Dallanave (Universidad de Bremen, Alemania)<\/p>\n<p style=\"padding-left: 40px;\">Carlos S\u00e1nchez-Qui\u00f1\u00f3nez (Universidad Nacional de Colombia)<\/p>\n<p style=\"padding-left: 40px;\">Gabriela de Jes\u00fas Arregu\u00edn-Rodr\u00edguez (Universidad Aut\u00f3noma de Baja California)<\/p>\n<p style=\"padding-left: 40px;\">Francesca Falzoni (Istituto di Geologia Ambientale e Geoingegneria, Consiglio Nazionale delle Ricerche, Italia)<\/p>\n<p style=\"padding-left: 40px;\">Luc\u00eda Rivero-Cuesta. Becaria predoctoral FPI del proyecto anterior CGL2014-58794-P (IP: Alegret), finaliz\u00f3 la tesis en 2021.<\/p>\n<p style=\"padding-left: 40px;\">Irene Pe\u00f1alver Clavel. Becaria predoctoral FPI del proyecto.<\/p>\n<p style=\"padding-left: 40px;\">Julia de Entrambasaguas. Becaria predoctoral FPI del proyecto.<\/p>\n<p>[\/et_pb_text][et_pb_text _builder_version=\u00bb4.27.4&#8243; _module_preset=\u00bbdefault\u00bb global_colors_info=\u00bb{}\u00bb]<\/p>\n<ul>\n<li style=\"list-style-type: none;\"><\/li>\n<\/ul>\n<h4><strong>Publicaciones<\/strong><\/h4>\n<p>El proyecto dio lugar a un total de <a href=\"https:\/\/personal.unizar.es\/alegret\/publicaciones-cientificas\/\">34 art\u00edculos de investigaci\u00f3n<\/a>\u00a0en revistas del <em>Science Citation Index<\/em>, otras 6 publicaciones cient\u00edficas en revistas de difusi\u00f3n nacional e internacional, 3 libros, 3 cap\u00edtulos de libro, y 5 art\u00edculos de divulgaci\u00f3n. Estas publicaciones aparecen recogidas en <a href=\"https:\/\/personal.unizar.es\/alegret\/wp-content\/uploads\/2025\/05\/Curriculum_Alegret_2025.pdf\" target=\"_blank\" rel=\"noopener\">mi curr\u00edculum<\/a>.<\/p>\n<p>[\/et_pb_text][et_pb_text _builder_version=\u00bb4.27.4&#8243; _module_preset=\u00bbdefault\u00bb custom_margin=\u00bb||5px|||\u00bb header_4_text_color_tablet=\u00bb\u00bb header_4_text_color_phone=\u00bb\u00bb header_4_text_color_last_edited=\u00bbon|desktop\u00bb global_colors_info=\u00bb{}\u00bb]<\/p>\n<h4><strong><span style=\"font-size: large;\">Divulgaci\u00f3n de resultados<\/span><\/strong><\/h4>\n<p><span style=\"font-size: 22px;\"><\/span><\/p>\n<p>Los resultados del proyecto se han presentado en:<\/p>\n<p>&nbsp;<\/p>\n<p>&#8211; Seis conferencias plenarias, y 13 conferencias de divulgaci\u00f3n (impartidas por L. Alegret):<\/p>\n<ul>\n<li style=\"list-style-type: none;\">\n<ul>\n<li><em>Contribution of benthic foraminifera to the study of fundamental problems in Earth\u00b4s history<\/em><em>.<\/em> Keynote lecture, Cushman Foundation Symposium, GSA Connects 2022, 11\/10\/2022, Denver, Colorado.<\/li>\n<li><em>Global events of the Paleogene: towards a refined and complete record<\/em>. 4th International Congress on Stratigraphy, STRATI 2023. Lille (Francia), 12\/07\/2023.<\/li>\n<li><em>Micropaleontolog\u00eda en evoluci\u00f3n: los foramin\u00edferos en el estudio del cambio clim\u00e1tico y otros eventos globales.<\/em> Conferencia plenaria, XIV Jornadas Aragonesas de Paleontolog\u00eda \u201cPaleontolog\u00eda en Evoluci\u00f3n\u201d.<\/li>\n<li><em><a href=\"https:\/\/www.youtube.com\/watch?v=bgHGJgFs27w\" target=\"_blank\" rel=\"noopener\">Extinciones masivas en la historia de la Tierra<\/a>. <\/em>Real Academia de Ciencias Exactas, F\u00edsicas y Naturales de Espa\u00f1a. 20\/05\/2021<\/li>\n<li><em><a href=\"https:\/\/www.youtube.com\/live\/xgJt7RJ0cJo?cbrd=1\" target=\"_blank\" rel=\"noopener\">La especie de cambi\u00f3 el clima del futuro, y se asust\u00f3 leyendo el pasado<\/a>. <\/em>Alocuci\u00f3n laudatoria de San Braulio 2024, Paraninfo de la Universidad de Zaragoza. 26\/03\/2024.<\/li>\n<li><em><a href=\"https:\/\/fds.es\/leccion-magistral-de-laia-alegret-en-el-convento-de-la-merced\/\" target=\"_blank\" rel=\"noopener\">Cambio clim\u00e1tico y f\u00f3siles: una mirada al pasado para entender el futuro<\/a>.<\/em> Lecci\u00f3n magistral inaugural del curso acad\u00e9mico 2024 de la Fundaci\u00f3n Duques de Soria de Ciencia y Cultura hisp\u00e1nica. 3\/7\/2024.<\/li>\n<\/ul>\n<\/li>\n<\/ul>\n<p>&#8211; 67 comunicaciones en congresos nacionales e internacionales.<\/p>\n<p><strong style=\"color: #000000; font-size: 18px;\"><\/strong><\/p>\n<h4><strong style=\"color: #000000; font-size: 18px;\"><\/strong><\/h4>\n<h4><\/h4>\n<p>[\/et_pb_text][et_pb_text _builder_version=\u00bb4.27.4&#8243; _module_preset=\u00bbdefault\u00bb custom_padding=\u00bb0px|||||\u00bb global_colors_info=\u00bb{}\u00bb]<\/p>\n<p>&#8211; Dos programas de televisi\u00f3n:<br \/><a href=\"http:\/\/alacarta.aragontelevision.es\/programas\/en-ruta-con-la-ciencia\/cap-148-grandes-dinosaurios-30092020-2313\" target=\"_blank\" rel=\"noopener\"><\/a><\/p>\n<ul>\n<li style=\"list-style-type: none;\">\n<ul>\n<li><a href=\"http:\/\/alacarta.aragontelevision.es\/programas\/en-ruta-con-la-ciencia\/cap-148-grandes-dinosaurios-30092020-2313\" target=\"_blank\" rel=\"noopener\">En ruta con la ciencia<\/a><\/li>\n<li>Objetivo (Arag\u00f3n TV, Mujer y Ciencia, 02\/02\/2021)<\/li>\n<\/ul>\n<\/li>\n<\/ul>\n<p>&#8211; Un podcast sobre ciencia:<\/p>\n<ul>\n<li style=\"list-style-type: none;\">\n<ul>\n<li>(<a href=\"https:\/\/www.youtube.com\/watch?v=Z03aH_2Kj7k)\" target=\"_blank\" rel=\"noopener\">Noosfera, La Raz\u00f3n<\/a>)<\/li>\n<\/ul>\n<\/li>\n<\/ul>\n<p>&#8211; Diversas actividades de divulgaci\u00f3n de la ciencia. Una selecci\u00f3n:<\/p>\n<p>&nbsp;<\/p>\n<ul>\n<li style=\"list-style-type: none;\">\n<ul>\n<li>Laia Alegret, 8\/01\/2025. Tribuna de La Raz\u00f3n \u201c<a href=\"https:\/\/www.larazon.es\/opinion\/peligros-mundo-invernadero_20250108677db90cbc785b000173e7c4.html\" target=\"_blank\" rel=\"noopener\">Los peligros de un mundo invernadero<\/a>\u201d<\/li>\n<li>\u201c<a href=\"https:\/\/ucc.unizar.es\/11f-2021\/laia-alegret-badiola\" target=\"_blank\" rel=\"noopener\">Soy cient\u00edfica, vivo en tu barrio<\/a>\u201d Febrero-Marzo 2021. Campa\u00f1a del 11F de la Unidad de Cultura Cient\u00edfica de la Universidad de Zaragoza.<\/li>\n<li>TOP3 <a href=\"https:\/\/www.youtube.com\/watch?v=5TmfCZLShT8\" target=\"_blank\" rel=\"noopener\">D\u00eda Internacional de los Museos, Museo de Ciencias Naturales de la Universidad de Zaragoza<\/a>.<\/li>\n<li>Leaders in Geoscience: \u201c<a href=\"https:\/\/joidesresolution.org\/women-in-science-the-women-who-rock-on-the-jr\/\" target=\"_blank\" rel=\"noopener\">Woman who rock on the JR<\/a>\u201d<\/li>\n<li>Olimpiadas Geol\u00f3gicas 2021-2022 y 2023-2024, Universidad de Zaragoza (Irene Pe\u00f1alver)<\/li>\n<li>\u201cNoche en Blanco en el Museo\u201d (2022) Museo de Ciencias Naturales de la Universidad de Zaragoza. (Irene Pe\u00f1alver)<\/li>\n<li>Irene Pe\u00f1alver: charla divulgativa \u201c\u00bfQu\u00e9 nos cuentan los foramin\u00edferos?\u201d a grupos de distintos niveles educativos (E.S.O. \u2013 Universidad).<\/li>\n<\/ul>\n<\/li>\n<\/ul>\n<p>[\/et_pb_text][et_pb_text _builder_version=\u00bb4.27.4&#8243; _module_preset=\u00bbdefault\u00bb hover_enabled=\u00bb0&#8243; global_colors_info=\u00bb{}\u00bb sticky_enabled=\u00bb0&#8243;]<\/p>\n<p>&#8211; Prensa. Los medios de comunicaci\u00f3n se han hecho eco de los resultados del proyecto, algunas noticias (ver tambien la p\u00e1gina de <a href=\"https:\/\/personal.unizar.es\/alegret\/prensa\/\" target=\"_blank\" rel=\"noopener\">prensa<\/a>)<\/p>\n<p>&nbsp;<\/p>\n<ul>\n<li style=\"list-style-type: none;\">\n<ul>\n<li><a href=\"https:\/\/www.ondacero.es\/programas\/mas-de-uno\/audios-podcast\/aparici-orbita\/dinosaurios-meteorito-volcanes_202001245e2acef50cf2825fd5c27a2f.html\" target=\"_blank\" rel=\"noopener\">Onda Cero radio, programa La Br\u00fajula, Aparici en \u00d3rbita, 21\/01\/2020<\/a><\/li>\n<li><a href=\"https:\/\/elpais.com\/elpais\/2019\/10\/21\/ciencia\/1571663371_500918.html\" target=\"_blank\" rel=\"noopener\">El Pa\u00eds 21\/10\/2021\u00a0<\/a><\/li>\n<li><a href=\"https:\/\/www.elespanol.com\/mujer\/protagonistas\/20200921\/laia-aventurera-paleontologa-huesca-zelandia-continente-sumergido\/521198275_0.html\" target=\"_blank\" rel=\"noopener\">El Espa\u00f1ol<\/a>, 21\/09\/2020, \u201cProtagonistas\u201d<\/li>\n<li>Cope, <a href=\"https:\/\/www.cope.es\/emisoras\/aragon\/zaragoza-provincia\/zaragoza\/audios\/entrevista-laia-alegret-paleontologa-profesora-universidad-zaragoza-20210208_1356793\" target=\"_blank\" rel=\"noopener\">entrevista a Laia Alegret<\/a>, 8\/02\/2021, 10 min 38 seg.<\/li>\n<li>13\/09\/2021 \u00abLa Mec\u00e1nica del Caracol\u00bb espacio para las Ciencias de la Tierra, 100.000 oyentes. Director: Antonio Aretxabala D\u00edez<\/li>\n<li>El far, \u201c<a href=\"https:\/\/www.elperiodicodearagon.com\/aragon\/2021\/09\/08\/investigadora-oscense-laia-alegret-desentrana-57072173.html\">Dones de mar: Laia Alegret<\/a>\u201d 8\/01\/2020, 17:15<\/li>\n<li>Arag\u00f3n TV Noticias 01\/02\/2021<\/li>\n<li>El Peri\u00f3dico de Arag\u00f3n, 8\/09\/2021,<\/li>\n<li>Heraldo de Arag\u00f3n, 9\/02\/2021, Tercer Milenio, p. 5<\/li>\n<li><span><a href=\"https:\/\/www.burgosconecta.es\/sociedad\/ciencia\/asteroide-yucatan-ejemplo-20211112185258-nt.html\" target=\"_blank\" rel=\"noopener\">Burgos conecta<\/a>, 13\/11\/2021,\u00a0<\/span><\/li>\n<li>Heraldo de Arag\u00f3n, 31\/12\/2021, Especial 2022, Perspectivas: <a href=\"https:\/\/www.heraldo.es\/noticias\/aragon\/2021\/12\/31\/laia-alegret-cuanto-mas-se-conoce-la-ciencia-mas-se-apoya-la-inversion-en-ella-1541023.html\" target=\"_blank\" rel=\"noopener\">Entrevista a Laia Alegret<\/a>, p. 43-44.<\/li>\n<li>Sobre la campa\u00f1a \u201c<a href=\"https:\/\/www.heraldo.es\/noticias\/aragon\/2021\/02\/09\/en-el-11f-once-investigadoras-demuestran-que-la-ciencia-es-tu-vecina-campana-mupis-zaragoza-1419191.html\">Soy cient\u00edfica, vivo en tu barrio<\/a>\u201d,<\/li>\n<li>Heraldo de Arag\u00f3n 9\/02\/2021<\/li>\n<li>Entrevistas sobre el juego sobre evoluci\u00f3n \u201c<em>Surviving Extinction<\/em>\u201d, que tambi\u00e9n tuvo amplia difusi\u00f3n en Estados Unidos (ej., CBS): Arag\u00f3n TV Noticias 17\/07\/2020, Diario del AltoArag\u00f3n, 1\/07\/2020, p. 33<\/li>\n<li>La Raz\u00f3n. Noticia sobre los <a href=\"https:\/\/www.heraldo.es\/noticias\/aragon\/2021\/02\/09\/en-el-11f-once-investigadoras-demuestran-que-la-ciencia-es-tu-vecina-campana-mupis-zaragoza-1419191.html\" target=\"_blank\" rel=\"noopener\">First 100 IUGS Geosites<\/a><\/li>\n<li>Entrevista <a href=\"https:\/\/amigosrac.es\/laia-alegret\/\" target=\"_blank\" rel=\"noopener\">Amigos de la Real Academia de Ciencias<\/a>, noviembre 2024.<\/li>\n<li>Noticia sobre el art\u00edculo publicado en <em>Geology<\/em> sobre las corrientes oce\u00e1nicas del Eoceno en Zelandia (Pe\u00f1alver et al., 2025): <a href=\"https:\/\/www.heraldo.es\/noticias\/sociedad\/2025\/04\/02\/un-estudio-liderado-por-la-universidad-de-zaragoza-avanza-en-el-funcionamiento-de-los-oceanos-en-calor-extremo-1812528.html\" target=\"_blank\" rel=\"noopener\">Heraldo de Arag\u00f3n, secci\u00f3n Tercer Milenio<\/a>, 3\/04\/2025<\/li>\n<\/ul>\n<\/li>\n<\/ul>\n<ul><\/ul>\n<p>[\/et_pb_text][\/et_pb_column][\/et_pb_row][\/et_pb_section]<\/p>\n","protected":false},"excerpt":{"rendered":"<p>Aqu\u00ed se muestran los dos \u00faltimos proyectos financiados por el Ministerio de Ciencia, Innovaci\u00f3n y Universidades (Programa Estatal de I+D+i Orientada a los Retos de la Sociedad). El listado completo de proyectos nacionales e internacionales aparece en mi curr\u00edculum.Proyecto actual (2024-2028): GLODIVOCEANT\u00edtulo Cambio global y diversidad desde el Cret\u00e1cico hasta el Pale\u00f3geno: una visi\u00f3n desde [&hellip;]<\/p>\n","protected":false},"author":1,"featured_media":0,"parent":0,"menu_order":0,"comment_status":"closed","ping_status":"closed","template":"","meta":{"_et_pb_use_builder":"on","_et_pb_old_content":"","_et_gb_content_width":"","footnotes":""},"class_list":["post-29","page","type-page","status-publish","hentry"],"_links":{"self":[{"href":"https:\/\/personal.unizar.es\/alegret2\/wp-json\/wp\/v2\/pages\/29","targetHints":{"allow":["GET"]}}],"collection":[{"href":"https:\/\/personal.unizar.es\/alegret2\/wp-json\/wp\/v2\/pages"}],"about":[{"href":"https:\/\/personal.unizar.es\/alegret2\/wp-json\/wp\/v2\/types\/page"}],"author":[{"embeddable":true,"href":"https:\/\/personal.unizar.es\/alegret2\/wp-json\/wp\/v2\/users\/1"}],"replies":[{"embeddable":true,"href":"https:\/\/personal.unizar.es\/alegret2\/wp-json\/wp\/v2\/comments?post=29"}],"version-history":[{"count":37,"href":"https:\/\/personal.unizar.es\/alegret2\/wp-json\/wp\/v2\/pages\/29\/revisions"}],"predecessor-version":[{"id":555,"href":"https:\/\/personal.unizar.es\/alegret2\/wp-json\/wp\/v2\/pages\/29\/revisions\/555"}],"wp:attachment":[{"href":"https:\/\/personal.unizar.es\/alegret2\/wp-json\/wp\/v2\/media?parent=29"}],"curies":[{"name":"wp","href":"https:\/\/api.w.org\/{rel}","templated":true}]}}