{"id":35,"date":"2025-03-18T14:54:03","date_gmt":"2025-03-18T13:54:03","guid":{"rendered":"https:\/\/personal.unizar.es\/alegret2\/?page_id=35"},"modified":"2026-04-14T14:39:47","modified_gmt":"2026-04-14T12:39:47","slug":"laia-alegret","status":"publish","type":"page","link":"https:\/\/personal.unizar.es\/alegret2\/","title":{"rendered":"Laia\u00a0Alegret"},"content":{"rendered":"<p>[et_pb_section fb_built=\u00bb1&#8243; specialty=\u00bbon\u00bb _builder_version=\u00bb4.27.4&#8243; _module_preset=\u00bbdefault\u00bb global_colors_info=\u00bb{}\u00bb][et_pb_column type=\u00bb1_2&#8243; _builder_version=\u00bb4.16&#8243; custom_padding=\u00bb|||\u00bb global_colors_info=\u00bb{}\u00bb custom_padding__hover=\u00bb|||\u00bb][et_pb_image src=\u00bbhttps:\/\/personal.unizar.es\/alegret\/wp-content\/uploads\/2025\/05\/Laia-Alegret-1.jpg\u00bb alt=\u00bbLaia Alegret\u00bb title_text=\u00bbLaia-Alegret\u00bb disabled_on=\u00bboff|on|on\u00bb _builder_version=\u00bb4.27.4&#8243; _module_preset=\u00bbdefault\u00bb global_colors_info=\u00bb{}\u00bb][\/et_pb_image][et_pb_text disabled_on=\u00bboff|off|off\u00bb _builder_version=\u00bb4.27.4&#8243; _module_preset=\u00bbdefault\u00bb custom_padding=\u00bb2px|||||\u00bb hover_enabled=\u00bb0&#8243; global_colors_info=\u00bb{}\u00bb sticky_enabled=\u00bb0&#8243;]<\/p>\n<h1>Laia Alegret<\/h1>\n<p>Catedr\u00e1tica de Paleontolog\u00eda, <a href=\"https:\/\/cienciastierra.unizar.es\/personal\/maria-laia-alegret-badiola\" target=\"_blank\" rel=\"noopener\">Universidad de Zaragoza<\/a><\/p>\n<p><a href=\"https:\/\/rac.es\/sobre-nosotros\/miembros\/academicos\/numerarios\/1002\/\" target=\"_blank\" rel=\"noopener\">Acad\u00e9mica Numeraria<\/a> (medalla 33), Real Academia de Ciencias Exactas, F\u00edsicas y Naturales de Espa\u00f1a, <a href=\"https:\/\/rac.es\" target=\"_blank\" rel=\"noopener\">RAC<\/a><\/p>\n<blockquote>\n<p><em>Investigo los cambios clim\u00e1ticos y otros eventos globales del pasado integrando an\u00e1lisis micropaleontol\u00f3gicos en estudios multidisciplinares, para comprender el sistema Tierra y c\u00f3mo reaccionar\u00e1 al actual cambio global. Creo que la colaboraci\u00f3n es clave en ciencia, y estoy comprometida con la transmisi\u00f3n de la ciencia al p\u00fablico general. <\/em><\/p>\n<\/blockquote>\n<p style=\"text-align: left;\">Licenciatura (1998) y Doctorado (2002, y Premio Extraordinario de Doctorado) en Geolog\u00eda por la Universidad de Zaragoza. Investigadora postdoctoral en University College London (2003-2005). Investigadora contratada Ram\u00f3n y Cajal (2006-2010), Profesora Titular (2010-2022) y Catedr\u00e1tica (desde 2022) en la Universidad de Zaragoza. Con 25 estancias de investigaci\u00f3n en 19 instituciones en Estados Unidos (Universidades de Yale, Wesleyan y Colorado Boulder, MIT, Instituci\u00f3n Smithsonian), Italia, Polonia, M\u00e9xico, Nueva Zelanda, etc., Alegret ha participado en 24 proyectos de investigaci\u00f3n en convocatorias competitivas, siendo la Investigadora Principal de 14 (ej., Fundaci\u00f3n de Ciencia Europea ESF, Uni\u00f3n Internacional de Ciencias Geol\u00f3gicas IUGS, Plan Nacional espa\u00f1ol DGICYT). Obtuvo la prestigiosa beca Leonardo de la <a href=\"https:\/\/www.bbva.com\/es\/juntos-creando-oportunidades\/laia-alegret-la-paleontologa-que-busca-las-claves-del-cambio-climatico-en-un-continente-oculto-bajo-el-pacifico\/\" target=\"_blank\" rel=\"noopener\">Fundaci\u00f3n BBVA<\/a>, y recibi\u00f3 el premio Aragonia en 2023.<\/p>\n<p style=\"text-align: left;\">Investigaci\u00f3n centrada en la aplicaci\u00f3n de los foramin\u00edferos bent\u00f3nicos (microf\u00f3siles) para entender los cambios en los oc\u00e9anos y en el clima del pasado usando rocas y sedimentos marinos. Alegret naveg\u00f3 como <a href=\"https:\/\/joidesresolution.org\/women-in-science-the-women-who-rock-on-the-jr\/\" target=\"_blank\" rel=\"noopener\">Cient\u00edfica<\/a>\u00a0en la Expedici\u00f3n 371 del <a href=\"https:\/\/iodp.tamu.edu\/scienceops\/expeditions\/tasman_frontier_subduction_climate.html\" target=\"_blank\" rel=\"noopener\">Programa Internacional de Descubrimiento del Oc\u00e9ano IODP<\/a> \u00a0a Zelandia, el continente oculto (Oc\u00e9ano Pac\u00edfico suroeste, julio-septiembre 2017). Autora de m\u00e1s de 200 publicaciones de investigaci\u00f3n ((incluyendo 9 libros y art\u00edculos en revistas como <em>Science, PNAS, Geology, Nature Communications<\/em> y otras l\u00edder en sus campos), y &gt;220 comunicaciones en congresos. Con una fuerte proyecci\u00f3n a nivel internacional, es frecuentemente invitada como conferenciante en congresos e institutos de investigaci\u00f3n.<\/p>\n<p style=\"text-align: left;\">Elegida Presidenta de la <a href=\"https:\/\/www.paleogene.org\/\" target=\"_blank\" rel=\"noopener\">Subcomisi\u00f3n Internacional de Estratigraf\u00eda del Pale\u00f3geno<\/a> (ISPS) dos veces consecutivas (2020-2023, 2024-2027). Adjunta de la Agencia Estatal de Investigaci\u00f3n espa\u00f1ola (2017-2019) y de la Fundaci\u00f3n Nacional de Investigaci\u00f3n Flamenca (B\u00e9lgica, 2013-2015), que le otorg\u00f3 la medalla Alfred Curtins. Patrona de la <a href=\"https:\/\/fds.es\/\" target=\"_blank\" rel=\"noopener\">Fundaci\u00f3n Duques de Soria<\/a> para promover la ciencia y la cultura hisp\u00e1nicas, Alegret colabora frecuentemente con los medios, de los que ha recibido varios premios, y protagoniz\u00f3 el cup\u00f3n de la ONCE \u201cEl Sueldazo\u201d el 17\/01\/2026, del que se imprimieron 5,5 millones de cupones. Alegret fue invitada a firmar en el Libro de Honor de la Universidad de Zaragoza en 2024. Incluida en la <a href=\"https:\/\/cientificasinnovadoras.fecyt.es\/cientificas\/laia-alegret-badiola\" target=\"_blank\" rel=\"noopener\">Plataforma de Cient\u00edficas Innovadoras del Ministerio de Ciencia e Innovaci\u00f3n del Gobierno de Espa\u00f1a.<\/a><\/p>\n<p>[\/et_pb_text][\/et_pb_column][et_pb_column type=\u00bb1_2&#8243; specialty_columns=\u00bb2&#8243; _builder_version=\u00bb4.16&#8243; custom_padding=\u00bb|||\u00bb global_colors_info=\u00bb{}\u00bb custom_padding__hover=\u00bb|||\u00bb][et_pb_row_inner _builder_version=\u00bb4.27.4&#8243; _module_preset=\u00bbdefault\u00bb global_colors_info=\u00bb{}\u00bb][et_pb_column_inner saved_specialty_column_type=\u00bb1_2&#8243; _builder_version=\u00bb4.27.4&#8243; _module_preset=\u00bbdefault\u00bb global_colors_info=\u00bb{}\u00bb][et_pb_image src=\u00bbhttps:\/\/personal.unizar.es\/alegret\/wp-content\/uploads\/2025\/05\/Laia-Alegret-1.jpg\u00bb alt=\u00bbLaia Alegret\u00bb title_text=\u00bbLaia-Alegret\u00bb disabled_on=\u00bbon|off|off\u00bb _builder_version=\u00bb4.27.4&#8243; _module_preset=\u00bbdefault\u00bb global_colors_info=\u00bb{}\u00bb][\/et_pb_image][\/et_pb_column_inner][\/et_pb_row_inner][et_pb_row_inner column_structure=\u00bb1_3,1_3,1_3&#8243; disabled_on=\u00bbon|off|off\u00bb _builder_version=\u00bb4.27.4&#8243; _module_preset=\u00bbdefault\u00bb global_colors_info=\u00bb{}\u00bb][et_pb_column_inner type=\u00bb1_3&#8243; saved_specialty_column_type=\u00bb1_2&#8243; _builder_version=\u00bb4.27.4&#8243; _module_preset=\u00bbdefault\u00bb global_colors_info=\u00bb{}\u00bb][et_pb_button button_url=\u00bbhttps:\/\/personal.unizar.es\/alegret2\/wp-content\/uploads\/2026\/04\/CV_Alegret_-complete-March-2026.pdf\u00bb url_new_window=\u00bbon\u00bb button_text=\u00bbCurriculum completo\u00bb disabled_on=\u00bboff|off|off\u00bb _builder_version=\u00bb4.27.4&#8243; _module_preset=\u00bbdefault\u00bb custom_padding=\u00bb3px|||||\u00bb global_colors_info=\u00bb{}\u00bb][\/et_pb_button][\/et_pb_column_inner][et_pb_column_inner type=\u00bb1_3&#8243; saved_specialty_column_type=\u00bb1_2&#8243; _builder_version=\u00bb4.27.4&#8243; _module_preset=\u00bbdefault\u00bb global_colors_info=\u00bb{}\u00bb][et_pb_image src=\u00bbhttps:\/\/personal.unizar.es\/alegret\/wp-content\/uploads\/2025\/07\/x.jpg\u00bb title_text=\u00bbx\u00bb url=\u00bbhttps:\/\/x.com\/AlegretLaia\u00bb url_new_window=\u00bbon\u00bb _builder_version=\u00bb4.27.4&#8243; _module_preset=\u00bbdefault\u00bb global_colors_info=\u00bb{}\u00bb][\/et_pb_image][\/et_pb_column_inner][et_pb_column_inner type=\u00bb1_3&#8243; saved_specialty_column_type=\u00bb1_2&#8243; _builder_version=\u00bb4.27.4&#8243; _module_preset=\u00bbdefault\u00bb global_colors_info=\u00bb{}\u00bb][et_pb_image src=\u00bbhttps:\/\/personal.unizar.es\/alegret\/wp-content\/uploads\/2025\/07\/fb.jpg\u00bb title_text=\u00bbfb\u00bb url=\u00bbhttps:\/\/www.facebook.com\/laia.alegret.35&#8243; url_new_window=\u00bbon\u00bb _builder_version=\u00bb4.27.4&#8243; _module_preset=\u00bbdefault\u00bb global_colors_info=\u00bb{}\u00bb][\/et_pb_image][\/et_pb_column_inner][\/et_pb_row_inner][et_pb_row_inner _builder_version=\u00bb4.27.4&#8243; _module_preset=\u00bbdefault\u00bb global_colors_info=\u00bb{}\u00bb][et_pb_column_inner saved_specialty_column_type=\u00bb1_2&#8243; _builder_version=\u00bb4.27.4&#8243; _module_preset=\u00bbdefault\u00bb global_colors_info=\u00bb{}\u00bb][et_pb_divider show_divider=\u00bboff\u00bb disabled_on=\u00bboff|on|on\u00bb _builder_version=\u00bb4.27.4&#8243; _module_preset=\u00bbdefault\u00bb global_colors_info=\u00bb{}\u00bb][\/et_pb_divider][\/et_pb_column_inner][\/et_pb_row_inner][et_pb_row_inner _builder_version=\u00bb4.27.4&#8243; _module_preset=\u00bbdefault\u00bb global_colors_info=\u00bb{}\u00bb][et_pb_column_inner saved_specialty_column_type=\u00bb1_2&#8243; _builder_version=\u00bb4.27.4&#8243; _module_preset=\u00bbdefault\u00bb global_colors_info=\u00bb{}\u00bb][et_pb_image src=\u00bbhttps:\/\/personal.unizar.es\/alegret\/wp-content\/uploads\/2025\/06\/Discurso-RAC.jpg\u00bb title_text=\u00bbDiscurso-RAC\u00bb url=\u00bbhttps:\/\/www.youtube.com\/watch?v=YT_TYdxN920&#8243; url_new_window=\u00bbon\u00bb use_overlay=\u00bbon\u00bb overlay_icon_color=\u00bbrgba(12,113,195,0.61)\u00bb hover_icon=\u00bb&#x49;||divi||400&#8243; _builder_version=\u00bb4.27.4&#8243; _module_preset=\u00bbdefault\u00bb border_radii=\u00bbon|15px|15px|15px|15px\u00bb global_colors_info=\u00bb{}\u00bb][\/et_pb_image][et_pb_divider show_divider=\u00bboff\u00bb disabled_on=\u00bboff|on|on\u00bb _builder_version=\u00bb4.27.4&#8243; _module_preset=\u00bbdefault\u00bb global_colors_info=\u00bb{}\u00bb][\/et_pb_divider][\/et_pb_column_inner][\/et_pb_row_inner][et_pb_row_inner column_structure=\u00bb1_2,1_2&#8243; _builder_version=\u00bb4.27.4&#8243; _module_preset=\u00bbdefault\u00bb global_colors_info=\u00bb{}\u00bb][et_pb_column_inner type=\u00bb1_2&#8243; saved_specialty_column_type=\u00bb1_2&#8243; _builder_version=\u00bb4.27.4&#8243; _module_preset=\u00bbdefault\u00bb global_colors_info=\u00bb{}\u00bb][et_pb_image src=\u00bbhttps:\/\/personal.unizar.es\/alegret\/wp-content\/uploads\/2025\/06\/Logo-UZ-copia.jpg\u00bb title_text=\u00bbLogo UZ copia\u00bb url=\u00bbhttps:\/\/cienciastierra.unizar.es\/personal\/maria-laia-alegret-badiola\u00bb url_new_window=\u00bbon\u00bb _builder_version=\u00bb4.27.4&#8243; _module_preset=\u00bbdefault\u00bb global_colors_info=\u00bb{}\u00bb][\/et_pb_image][\/et_pb_column_inner][et_pb_column_inner type=\u00bb1_2&#8243; saved_specialty_column_type=\u00bb1_2&#8243; _builder_version=\u00bb4.27.4&#8243; _module_preset=\u00bbdefault\u00bb global_colors_info=\u00bb{}\u00bb][et_pb_image src=\u00bbhttps:\/\/personal.unizar.es\/alegret\/wp-content\/uploads\/2025\/06\/PALEOGENE.ORG_.png\u00bb title_text=\u00bbPALEOGENE.ORG\u00bb url=\u00bbhttps:\/\/www.paleogene.org\/about_us\/\u00bb url_new_window=\u00bbon\u00bb _builder_version=\u00bb4.27.4&#8243; _module_preset=\u00bbdefault\u00bb global_colors_info=\u00bb{}\u00bb][\/et_pb_image][\/et_pb_column_inner][\/et_pb_row_inner][et_pb_row_inner column_structure=\u00bb1_3,1_3,1_3&#8243; disabled_on=\u00bboff|on|on\u00bb _builder_version=\u00bb4.27.4&#8243; _module_preset=\u00bbdefault\u00bb global_colors_info=\u00bb{}\u00bb][et_pb_column_inner type=\u00bb1_3&#8243; saved_specialty_column_type=\u00bb1_2&#8243; _builder_version=\u00bb4.27.4&#8243; _module_preset=\u00bbdefault\u00bb global_colors_info=\u00bb{}\u00bb][et_pb_button button_url=\u00bbhttps:\/\/personal.unizar.es\/alegret\/wp-content\/uploads\/2025\/05\/Curriculum_Alegret_2025.pdf\u00bb url_new_window=\u00bbon\u00bb button_text=\u00bbCurriculum completo\u00bb disabled_on=\u00bboff|off|off\u00bb _builder_version=\u00bb4.27.4&#8243; _module_preset=\u00bbdefault\u00bb custom_padding=\u00bb3px|||||\u00bb global_colors_info=\u00bb{}\u00bb][\/et_pb_button][\/et_pb_column_inner][et_pb_column_inner type=\u00bb1_3&#8243; saved_specialty_column_type=\u00bb1_2&#8243; _builder_version=\u00bb4.27.4&#8243; _module_preset=\u00bbdefault\u00bb global_colors_info=\u00bb{}\u00bb][et_pb_image src=\u00bbhttps:\/\/personal.unizar.es\/alegret\/wp-content\/uploads\/2025\/07\/x.jpg\u00bb title_text=\u00bbx\u00bb url=\u00bbhttps:\/\/x.com\/AlegretLaia\u00bb url_new_window=\u00bbon\u00bb _builder_version=\u00bb4.27.4&#8243; _module_preset=\u00bbdefault\u00bb global_colors_info=\u00bb{}\u00bb][\/et_pb_image][\/et_pb_column_inner][et_pb_column_inner type=\u00bb1_3&#8243; saved_specialty_column_type=\u00bb1_2&#8243; _builder_version=\u00bb4.27.4&#8243; _module_preset=\u00bbdefault\u00bb global_colors_info=\u00bb{}\u00bb][et_pb_image src=\u00bbhttps:\/\/personal.unizar.es\/alegret\/wp-content\/uploads\/2025\/07\/fb.jpg\u00bb title_text=\u00bbfb\u00bb url=\u00bbhttps:\/\/www.facebook.com\/laia.alegret.35&#8243; url_new_window=\u00bbon\u00bb _builder_version=\u00bb4.27.4&#8243; _module_preset=\u00bbdefault\u00bb global_colors_info=\u00bb{}\u00bb][\/et_pb_image][\/et_pb_column_inner][\/et_pb_row_inner][\/et_pb_column][\/et_pb_section]<\/p>\n","protected":false},"excerpt":{"rendered":"<p>Laia Alegret Catedr\u00e1tica de Paleontolog\u00eda, Universidad de Zaragoza Acad\u00e9mica Numeraria (medalla 33), Real Academia de Ciencias Exactas, F\u00edsicas y Naturales de Espa\u00f1a, RAC Investigo los cambios clim\u00e1ticos y otros eventos globales del pasado integrando an\u00e1lisis micropaleontol\u00f3gicos en estudios multidisciplinares, para comprender el sistema Tierra y c\u00f3mo reaccionar\u00e1 al actual cambio global. Creo que la colaboraci\u00f3n [&hellip;]<\/p>\n","protected":false},"author":1,"featured_media":0,"parent":0,"menu_order":0,"comment_status":"closed","ping_status":"closed","template":"","meta":{"_et_pb_use_builder":"on","_et_pb_old_content":"","_et_gb_content_width":"1080","footnotes":""},"class_list":["post-35","page","type-page","status-publish","hentry"],"_links":{"self":[{"href":"https:\/\/personal.unizar.es\/alegret2\/wp-json\/wp\/v2\/pages\/35","targetHints":{"allow":["GET"]}}],"collection":[{"href":"https:\/\/personal.unizar.es\/alegret2\/wp-json\/wp\/v2\/pages"}],"about":[{"href":"https:\/\/personal.unizar.es\/alegret2\/wp-json\/wp\/v2\/types\/page"}],"author":[{"embeddable":true,"href":"https:\/\/personal.unizar.es\/alegret2\/wp-json\/wp\/v2\/users\/1"}],"replies":[{"embeddable":true,"href":"https:\/\/personal.unizar.es\/alegret2\/wp-json\/wp\/v2\/comments?post=35"}],"version-history":[{"count":26,"href":"https:\/\/personal.unizar.es\/alegret2\/wp-json\/wp\/v2\/pages\/35\/revisions"}],"predecessor-version":[{"id":591,"href":"https:\/\/personal.unizar.es\/alegret2\/wp-json\/wp\/v2\/pages\/35\/revisions\/591"}],"wp:attachment":[{"href":"https:\/\/personal.unizar.es\/alegret2\/wp-json\/wp\/v2\/media?parent=35"}],"curies":[{"name":"wp","href":"https:\/\/api.w.org\/{rel}","templated":true}]}}