{"id":1541,"date":"2021-04-17T20:20:51","date_gmt":"2021-04-17T20:20:51","guid":{"rendered":"https:\/\/personal.unizar.es\/anzano\/?page_id=1541"},"modified":"2022-02-25T22:06:38","modified_gmt":"2022-02-25T22:06:38","slug":"biografia","status":"publish","type":"page","link":"https:\/\/personal.unizar.es\/anzano\/?page_id=1541","title":{"rendered":"Biograf\u00eda"},"content":{"rendered":"\t\t<div data-elementor-type=\"wp-page\" data-elementor-id=\"1541\" class=\"elementor elementor-1541\" data-elementor-settings=\"[]\">\n\t\t\t\t\t\t<div class=\"elementor-inner\">\n\t\t\t\t\t\t\t<div class=\"elementor-section-wrap\">\n\t\t\t\t\t\t\t<section class=\"elementor-section elementor-top-section elementor-element elementor-element-98c0e9f elementor-section-boxed elementor-section-height-default elementor-section-height-default\" data-id=\"98c0e9f\" data-element_type=\"section\">\n\t\t\t\t\t\t<div class=\"elementor-container elementor-column-gap-default\">\n\t\t\t\t\t\t\t<div class=\"elementor-row\">\n\t\t\t\t\t<div class=\"elementor-column elementor-col-100 elementor-top-column elementor-element elementor-element-68c1cc4\" data-id=\"68c1cc4\" data-element_type=\"column\">\n\t\t\t<div class=\"elementor-column-wrap elementor-element-populated\">\n\t\t\t\t\t\t\t<div class=\"elementor-widget-wrap\">\n\t\t\t\t\t\t<div class=\"elementor-element elementor-element-e47aa48 elementor-widget elementor-widget-button\" data-id=\"e47aa48\" data-element_type=\"widget\" data-widget_type=\"button.default\">\n\t\t\t\t<div class=\"elementor-widget-container\">\n\t\t\t\t\t<div class=\"elementor-button-wrapper\">\n\t\t\t<a href=\"https:\/\/quimicaanalitica.unizar.es\/personal\/jesus-manuel-anzano-lacarte\" class=\"elementor-button-link elementor-button elementor-size-sm\" role=\"button\">\n\t\t\t\t\t\t<span class=\"elementor-button-content-wrapper\">\n\t\t\t\t\t\t<span class=\"elementor-button-text\">Curriculum Vitae<\/span>\n\t\t<\/span>\n\t\t\t\t\t<\/a>\n\t\t<\/div>\n\t\t\t\t<\/div>\n\t\t\t\t<\/div>\n\t\t\t\t\t\t<\/div>\n\t\t\t\t\t<\/div>\n\t\t<\/div>\n\t\t\t\t\t\t\t\t<\/div>\n\t\t\t\t\t<\/div>\n\t\t<\/section>\n\t\t\t\t<section class=\"elementor-section elementor-top-section elementor-element elementor-element-3709703 elementor-section-boxed elementor-section-height-default elementor-section-height-default\" data-id=\"3709703\" data-element_type=\"section\">\n\t\t\t\t\t\t<div class=\"elementor-container elementor-column-gap-default\">\n\t\t\t\t\t\t\t<div class=\"elementor-row\">\n\t\t\t\t\t<div class=\"elementor-column elementor-col-100 elementor-top-column elementor-element elementor-element-7191515\" data-id=\"7191515\" data-element_type=\"column\">\n\t\t\t<div class=\"elementor-column-wrap elementor-element-populated\">\n\t\t\t\t\t\t\t<div class=\"elementor-widget-wrap\">\n\t\t\t\t\t\t<div class=\"elementor-element elementor-element-736e79e elementor-widget elementor-widget-image\" data-id=\"736e79e\" data-element_type=\"widget\" data-widget_type=\"image.default\">\n\t\t\t\t<div class=\"elementor-widget-container\">\n\t\t\t\t\t<div class=\"elementor-image\">\n\t\t\t\t\t\t\t\t\t\t\t<a href=\"https:\/\/scholar.google.hu\/citations?hl=es&#038;user=02lDmFgAAAAJ\">\n\t\t\t\t\t\t\t<img loading=\"lazy\" decoding=\"async\" width=\"948\" height=\"230\" src=\"https:\/\/personal.unizar.es\/anzano\/wp-content\/uploads\/Captura-de-pantalla-2022-02-25-a-las-21.49.07.png\" class=\"attachment-large size-large\" alt=\"\" \/>\t\t\t\t\t\t\t\t<\/a>\n\t\t\t\t\t\t\t\t\t\t\t<\/div>\n\t\t\t\t<\/div>\n\t\t\t\t<\/div>\n\t\t\t\t<div class=\"elementor-element elementor-element-5103a19 elementor-align-center elementor-widget elementor-widget-button\" data-id=\"5103a19\" data-element_type=\"widget\" data-widget_type=\"button.default\">\n\t\t\t\t<div class=\"elementor-widget-container\">\n\t\t\t\t\t<div class=\"elementor-button-wrapper\">\n\t\t\t<a href=\"https:\/\/scholar.google.hu\/citations?hl=es&#038;user=02lDmFgAAAAJ\" class=\"elementor-button-link elementor-button elementor-size-sm\" role=\"button\">\n\t\t\t\t\t\t<span class=\"elementor-button-content-wrapper\">\n\t\t\t\t\t\t<span class=\"elementor-button-text\">Publicaciones- Google Scholar<\/span>\n\t\t<\/span>\n\t\t\t\t\t<\/a>\n\t\t<\/div>\n\t\t\t\t<\/div>\n\t\t\t\t<\/div>\n\t\t\t\t<div class=\"elementor-element elementor-element-f72bff8 elementor-widget elementor-widget-heading\" data-id=\"f72bff8\" data-element_type=\"widget\" data-widget_type=\"heading.default\">\n\t\t\t\t<div class=\"elementor-widget-container\">\n\t\t\t<h2 class=\"elementor-heading-title elementor-size-default\"><a href=\"http:\/\/janzano@unizar.es\">janzano@unizar.es<\/a><\/h2>\t\t<\/div>\n\t\t\t\t<\/div>\n\t\t\t\t<div class=\"elementor-element elementor-element-86480b2 elementor-widget elementor-widget-heading\" data-id=\"86480b2\" data-element_type=\"widget\" data-widget_type=\"heading.default\">\n\t\t\t\t<div class=\"elementor-widget-container\">\n\t\t\t<h2 class=\"elementor-heading-title elementor-size-default\">JES\u00daS MANUEL ANZANO LACARTE, realiz\u00f3 su doctorado en la Universidad de Zaragoza y su formaci\u00f3n postdoctoral en espectroscop\u00eda&nbsp;l\u00e1ser en la Universidad de Florida, EE.UU.&nbsp;Sus l\u00edneas&nbsp;actuales de investigaci\u00f3n se centran en la caracterizaci\u00f3n de materiales mediante t\u00e9cnicas&nbsp;l\u00e1ser en arqueolog\u00eda, paleontolog\u00eda, cl\u00ednica, medioambiente, alimentos e industria utilizando&nbsp;herramientas quimiom\u00e9ricas. Es autor de cerca de 100 publicaciones cient\u00edficas, algunos de&nbsp;esos trabajos han sido referenciados en revisiones cient\u00edficas y en cap\u00edtulos de libro&nbsp;que son claves en la tem\u00e1tica de investigaci\u00f3n siendo pioneros&nbsp;en la aplicaci\u00f3n de la t\u00e9cnica como el an\u00e1lisis directo de muestras s\u00f3lidas mediante EAAET (JAAS-1994); estudios de curvas de crecimiento mediante LIBS (Spectrochim Acta part.B,&nbsp;2000), caracterizaci\u00f3n mediante LIBS de pl\u00e1sticos (Polyner Testing, 2006), suelos (Applied&nbsp;Spectroscopy, 2009), material cl\u00ednico (Talanta, 2009) o muestras arqueol\u00f3gicas (Analytical&nbsp;Letters, 2009). <br><br>Jes\u00fas Anzano ha impartido varios seminarios para la industria y actualmente&nbsp;coordina el grupo multidisciplinar de investigaci\u00f3n: Qu\u00edmica y Medio Ambiente. Ha participado&nbsp;en varios proyectos como investigador principal que le ha permitido crear el laboratorio l\u00e1ser&nbsp;de investigaci\u00f3n anal\u00edtica aplicada en el Departamento de Qu\u00edmica Anal\u00edtica de la Facultad&nbsp;de Ciencias.&nbsp;Destaca la participaci\u00f3n continuada en proyectos de investigaci\u00f3n financiados en&nbsp;convocatorias competitivas de car\u00e1cter nacional, auton\u00f3mico y de la UZ desde el comienzo de&nbsp;mi actividad investigadora hasta la actualidad. La difusi\u00f3n de la actividad investigadora se complementa&nbsp;con la participaci\u00f3n en numerosos congresos y reuniones cient\u00edficas. La producci\u00f3n cient\u00edfica&nbsp;se complementa con una intensa actividad en la formaci\u00f3n de investigadores. Adem\u00e1s&nbsp;nuestro grupo ha sido visitado por Licenciados y doctores de varias universidades. <br><br>Su&nbsp;tarea investigadora ha sido reconocida a nivel internacional mediante la invitaci\u00f3n a impartir&nbsp;seminarios en varias Universidades, por la obtenci\u00f3n de cinco tramos de investigaci\u00f3n de la&nbsp;ANEAI y por la concesi\u00f3n en 1999 de la Cruz de la Orden Civil de sanidad (BOE, 24-12-1999).&nbsp;He visitado en varias ocasiones las Universidades de Florida, Aut\u00f3noma&nbsp;del Estado de Hidalgo (M\u00e9xico), Aut\u00f3noma de Le\u00f3n Nicaragua, California (EE.UU),&nbsp;Oran (Argelia), Federal de S. Carlos (Brasil) y Managements and Technology, Lahore, Pakistan.<\/h2>\t\t<\/div>\n\t\t\t\t<\/div>\n\t\t\t\t\t\t<\/div>\n\t\t\t\t\t<\/div>\n\t\t<\/div>\n\t\t\t\t\t\t\t\t<\/div>\n\t\t\t\t\t<\/div>\n\t\t<\/section>\n\t\t\t\t\t\t<\/div>\n\t\t\t\t\t\t<\/div>\n\t\t\t\t\t<\/div>\n\t\t","protected":false},"excerpt":{"rendered":"<p>Curriculum Vitae Publicaciones- Google Scholar janzano@unizar.es JES\u00daS MANUEL ANZANO LACARTE, realiz\u00f3 su doctorado en la Universidad de Zaragoza y su formaci\u00f3n postdoctoral en espectroscop\u00eda&nbsp;l\u00e1ser en la Universidad de Florida, EE.UU.&nbsp;Sus l\u00edneas&nbsp;actuales de investigaci\u00f3n se centran en la caracterizaci\u00f3n de materiales mediante t\u00e9cnicas&nbsp;l\u00e1ser en arqueolog\u00eda, paleontolog\u00eda, cl\u00ednica, medioambiente, alimentos e industria utilizando&nbsp;herramientas quimiom\u00e9ricas. Es autor de &hellip;<\/p>\n<p class=\"read-more\"> <a class=\"\" href=\"https:\/\/personal.unizar.es\/anzano\/?page_id=1541\"> <span class=\"screen-reader-text\">Biograf\u00eda<\/span> Leer m\u00e1s &raquo;<\/a><\/p>\n","protected":false},"author":1,"featured_media":0,"parent":0,"menu_order":0,"comment_status":"closed","ping_status":"closed","template":"","meta":{"footnotes":""},"class_list":["post-1541","page","type-page","status-publish","hentry"],"_links":{"self":[{"href":"https:\/\/personal.unizar.es\/anzano\/index.php?rest_route=\/wp\/v2\/pages\/1541","targetHints":{"allow":["GET"]}}],"collection":[{"href":"https:\/\/personal.unizar.es\/anzano\/index.php?rest_route=\/wp\/v2\/pages"}],"about":[{"href":"https:\/\/personal.unizar.es\/anzano\/index.php?rest_route=\/wp\/v2\/types\/page"}],"author":[{"embeddable":true,"href":"https:\/\/personal.unizar.es\/anzano\/index.php?rest_route=\/wp\/v2\/users\/1"}],"replies":[{"embeddable":true,"href":"https:\/\/personal.unizar.es\/anzano\/index.php?rest_route=%2Fwp%2Fv2%2Fcomments&post=1541"}],"version-history":[{"count":49,"href":"https:\/\/personal.unizar.es\/anzano\/index.php?rest_route=\/wp\/v2\/pages\/1541\/revisions"}],"predecessor-version":[{"id":2426,"href":"https:\/\/personal.unizar.es\/anzano\/index.php?rest_route=\/wp\/v2\/pages\/1541\/revisions\/2426"}],"wp:attachment":[{"href":"https:\/\/personal.unizar.es\/anzano\/index.php?rest_route=%2Fwp%2Fv2%2Fmedia&parent=1541"}],"curies":[{"name":"wp","href":"https:\/\/api.w.org\/{rel}","templated":true}]}}