{"id":194,"date":"2024-04-29T14:00:58","date_gmt":"2024-04-29T12:00:58","guid":{"rendered":"https:\/\/intesiscon.es\/chemagimeno\/?page_id=194"},"modified":"2024-05-22T13:25:09","modified_gmt":"2024-05-22T11:25:09","slug":"corrupcion-y-contratacion-publica","status":"publish","type":"page","link":"https:\/\/personal.unizar.es\/gimenof\/corrupcion-y-contratacion-publica\/","title":{"rendered":"Corrupci\u00f3n y contrataci\u00f3n p\u00fablica"},"content":{"rendered":"<p>[et_pb_section fb_built=\u00bb1&#8243; _builder_version=\u00bb4.24.3&#8243; _module_preset=\u00bbdefault\u00bb global_colors_info=\u00bb{}\u00bb][et_pb_row _builder_version=\u00bb4.24.3&#8243; _module_preset=\u00bbdefault\u00bb global_colors_info=\u00bb{}\u00bb][et_pb_column type=\u00bb4_4&#8243; _builder_version=\u00bb4.24.3&#8243; _module_preset=\u00bbdefault\u00bb global_colors_info=\u00bb{}\u00bb][et_pb_heading title=\u00bbCORRUPCI\u00d3N Y CONTRATACI\u00d3N P\u00daBLICA\u00bb _builder_version=\u00bb4.24.3&#8243; _module_preset=\u00bbdefault\u00bb global_colors_info=\u00bb{}\u00bb][\/et_pb_heading][et_pb_search exclude_pages=\u00bbon\u00bb include_categories=\u00bb15,17,12,18,19,14,13,16,1&#8243; button_color=\u00bb#0C71C3&#8243; _builder_version=\u00bb4.25.1&#8243; _module_preset=\u00bbdefault\u00bb form_field_background_color=\u00bbRGBA(255,255,255,0)\u00bb form_field_text_color=\u00bb#0C71C3&#8243; button_text_color=\u00bb#FFFFFF\u00bb hover_enabled=\u00bb0&#8243; border_radii=\u00bbon|5px|5px|5px|5px\u00bb border_color_all=\u00bb#0C71C3&#8243; locked=\u00bboff\u00bb global_colors_info=\u00bb{}\u00bb width=\u00bb60%\u00bb sticky_enabled=\u00bb0&#8243;][\/et_pb_search][\/et_pb_column][\/et_pb_row][et_pb_row _builder_version=\u00bb4.24.3&#8243; _module_preset=\u00bbdefault\u00bb global_colors_info=\u00bb{}\u00bb][et_pb_column type=\u00bb4_4&#8243; _builder_version=\u00bb4.24.3&#8243; _module_preset=\u00bbdefault\u00bb global_colors_info=\u00bb{}\u00bb][et_pb_text _builder_version=\u00bb4.24.3&#8243; _module_preset=\u00bbdefault\u00bb global_colors_info=\u00bb{}\u00bb]<\/p>\n<p class=\"paragraph_style\"><strong>VIDEO SEMINARIO<\/strong> \u201cBajo la lupa: el Estado, la infraestructura y la contrataci\u00f3n p\u00fablica\u201d. Per\u00fa. Marzo 2019 <span>(<\/span><a title=\"CORRUPCION_Y_CONTRATACION_PUBLICA_files\/Vi\u0301deo el 23-3-19 a las 10.30.mov\" href=\"https:\/\/www.unizar.es\/gimenof\/gimenof\/CORRUPCION_Y_CONTRATACION_PUBLICA_files\/Vi%CC%81deo%20el%2023-3-19%20a%20las%2010.30.mov\">Vi\u0301deo el 23-3-19 a las 10.30.mov<\/a><span>)<\/span><\/p>\n<p class=\"paragraph_style\">\u2022Prevenci\u00f3n del fraude en la pol\u00edtica de cohesi\u00f3n 2014 &#8211; 2020: estudio comparado sobre el correcto cumplimiento e implementaci\u00f3n de la normativa de la UE en el \u00e1mbito de la contrataci\u00f3n p\u00fablica por las autoridades de gesti\u00f3n y contrataci\u00f3n (FinalReport_ESP.pdf)<\/p>\n<p class=\"paragraph_style_2\"><span class=\"Vi\u00f1eta\">\u2022<\/span>Propuestas TI para refozar transparencia en contrataci\u00f3n p\u00fablica<span>\u00a0<\/span><a title=\"CORRUPCION_Y_CONTRATACION_PUBLICA_files\/sesenta_medidas_propuestas_tie.pdf\" href=\"https:\/\/www.unizar.es\/gimenof\/gimenof\/CORRUPCION_Y_CONTRATACION_PUBLICA_files\/sesenta_medidas_propuestas_tie.pdf\">sesenta_medidas_propuestas_tie.pdf<\/a>)<\/p>\n<p class=\"paragraph_style_2\"><span class=\"Vi\u00f1eta\">\u2022<\/span>Contrataci\u00f3n p\u00fablica. Gu\u00eda pr\u00e1ctica (<a title=\"CORRUPCION_Y_CONTRATACION_PUBLICA_files\/Guia Contratos publicoses.pdf\" href=\"https:\/\/www.unizar.es\/gimenof\/gimenof\/CORRUPCION_Y_CONTRATACION_PUBLICA_files\/Guia%20Contratos%20publicoses.pdf\">Guia Contratos publicoses.pdf<\/a>)<\/p>\n<p class=\"paragraph_style_2\"><span class=\"Vi\u00f1eta\">\u2022<\/span>El Banco Mundial ha publicado &#8216;Benchmarking public procurement 2016&#8217;. Se trata de un manual que analiza la situaci\u00f3n de la contrataci\u00f3n p\u00fablica en 77 pa\u00edses. Para ello han recopilado los datos aportados por grupos de expertos. En el caso de Espa\u00f1a\u00a0varios colaboradores del ObCP y del equipo de everis Business Consulting LATAM se han encargado de analizar el Sector P\u00fablico.La C\u00e1mara de Comercio estadounidense reuni\u00f3 a los expertos de las 77 econom\u00edas mundiales en Washington D.C. el 19 de octubre. De esta forma se ha conseguido publicar un\u00a0informe que proporciona datos comparables sobre los entornos reguladores que afectan a la capacidad de hacer negocio de entidades privadas con los gobiernos (<a title=\"CORRUPCION_Y_CONTRATACION_PUBLICA_files\/Benchmarking-Public-Procurement-2016.pdf\" href=\"https:\/\/www.unizar.es\/gimenof\/gimenof\/CORRUPCION_Y_CONTRATACION_PUBLICA_files\/Benchmarking-Public-Procurement-2016.pdf\">Benchmarking-Public-Procurement-2016.pdf<\/a>)<\/p>\n<p class=\"paragraph_style_2\"><span class=\"Vi\u00f1eta\">\u2022<\/span>Libro sobre la corrupci\u00f3n: La corrupci\u00f3n en Espa\u00f1a. \u00c1mbitos, causas y remedios jur\u00eddicos (Dir., con M. Villoria), Atelier, Barcelona, 2016.<\/p>\n<p class=\"paragraph_style\"><span style=\"color: #ff0000;\"><a title=\"CORRUPCION_Y_CONTRATACION_PUBLICA_files\/160210_z0_4.pdf\" href=\"https:\/\/www.unizar.es\/gimenof\/gimenof\/CORRUPCION_Y_CONTRATACION_PUBLICA_files\/160210_z0_4.pdf\" style=\"color: #ff0000;\">NOTA DEL LIBRO. Heraldo Aragon. pdf<br \/><\/a><\/span><\/p>\n<p class=\"paragraph_style\"><span style=\"color: #ff0000;\"><a title=\"CORRUPCION_Y_CONTRATACION_PUBLICA_files\/ACTO LIBRO CORRUPCION.pdf\" href=\"https:\/\/www.unizar.es\/gimenof\/gimenof\/CORRUPCION_Y_CONTRATACION_PUBLICA_files\/ACTO%20LIBRO%20CORRUPCION.pdf\" style=\"color: #ff0000;\">PRESENTACION\u00a0 LIBRO CORRUPCION.pdf<\/a><\/span><\/p>\n<p class=\"paragraph_style\">Entrevista &#8211; presentaci\u00f3n &#8211; libro &#8211; Aragon TV (<a title=\"CORRUPCION_Y_CONTRATACION_PUBLICA_files\/Informativos_Buenos_Dias_Aragon_54085.mp4\" href=\"https:\/\/www.unizar.es\/gimenof\/gimenof\/CORRUPCION_Y_CONTRATACION_PUBLICA_files\/Informativos_Buenos_Dias_Aragon_54085.mp4\">Informativos_Buenos_Dias_Aragon_54085.mp4<\/a>)<\/p>\n<p class=\"paragraph_style_3\">Enlace de la web d\u00f3nde se encuentra toda la informaci\u00f3n actualizada del proyecto piloto de la UE en el marco de su pol\u00edtica anticorrupci\u00f3n,<span style=\"color: #ff0000;\">\u00a0<a title=\"http:\/\/ec.europa.eu\/regional_policy\/index.cfm\/en\/policy\/how\/improving-investment\/integrity-pacts\" href=\"http:\/\/ec.europa.eu\/regional_policy\/index.cfm\/en\/policy\/how\/improving-investment\/integrity-pacts\" style=\"color: #ff0000;\">http:\/\/ec.europa.eu\/regional_policy\/index.cfm\/en\/policy\/how\/improving-investment\/integrity-pacts<\/a>\/<\/span><\/p>\n<div class=\"paragraph paragraph_style_4\">\n<p><a title=\"http:\/\/ec.europa.eu\/regional_policy\/index.cfm\/en\/policy\/how\/improving-investment\/integrity-pacts\" href=\"http:\/\/ec.europa.eu\/regional_policy\/index.cfm\/en\/policy\/how\/improving-investment\/integrity-pacts\"><span class=\"style_1\"><\/span><span class=\"style_1\"><\/span><\/a><\/p>\n<div class=\"tinyText style_SkipStroke inline-block stroke_0 shadow_0\"><canvas width=\"183\" height=\"130\"><\/canvas><a href=\"http:\/\/ec.europa.eu\/regional_policy\/index.cfm\/en\/policy\/how\/improving-investment\/integrity-pacts\" title=\"http:\/\/ec.europa.eu\/regional_policy\/index.cfm\/en\/policy\/how\/improving-investment\/integrity-pacts\"><img decoding=\"async\" src=\"https:\/\/www.unizar.es\/gimenof\/gimenof\/CORRUPCION_Y_CONTRATACION_PUBLICA_files\/logo_en.gif\" alt=\"\" \/><\/a><img decoding=\"async\" src=\"https:\/\/www.unizar.es\/gimenof\/gimenof\/CORRUPCION_Y_CONTRATACION_PUBLICA_files\/stroke.png\" \/><img decoding=\"async\" src=\"https:\/\/www.unizar.es\/gimenof\/gimenof\/CORRUPCION_Y_CONTRATACION_PUBLICA_files\/stroke_1.png\" \/><img decoding=\"async\" src=\"https:\/\/www.unizar.es\/gimenof\/gimenof\/CORRUPCION_Y_CONTRATACION_PUBLICA_files\/stroke_2.png\" \/><\/div>\n<p><span class=\"tinyText\"><\/span><\/p>\n<\/div>\n<p class=\"paragraph_style_6\"><span style=\"color: #ff0000;\"><a title=\"http:\/\/ec.europa.eu\/regional_policy\/index.cfm\/en\/policy\/how\/improving-investment\/integrity-pacts\" href=\"http:\/\/ec.europa.eu\/regional_policy\/index.cfm\/en\/policy\/how\/improving-investment\/integrity-pacts\" style=\"color: #ff0000;\">Integrity Pacts &#8211; Regional Policy &#8211; European Commission<\/a><\/span><\/p>\n<p class=\"paragraph_style_7\"><span style=\"color: #ff0000;\"><a title=\"http:\/\/ec.europa.eu\/\" href=\"http:\/\/ec.europa.eu\/\" style=\"color: #ff0000;\">ec.europa.eu<\/a><\/span><span class=\"style_3\"><br \/><\/span><\/p>\n<p class=\"paragraph_style_8\">What is an Integrity Pact? An Integrity Pact is a contract between a contracting authority and economic operators bidding for public contracts that they will abstain &#8230;<\/p>\n<p class=\"paragraph_style_9\"><span style=\"color: #993366;\">&#8216;Els Matins&#8217; de TV3 entrevista a Jos\u00e9 Mar\u00eda Gimeno Feliu<\/span><\/p>\n<p class=\"paragraph_style_10\"><em>El co-director del Observatorio de Contrataci\u00f3n P\u00fablica analiza la situaci\u00f3n actual del sector en el programa matinal de la cadena de televisi\u00f3n catalana.<\/em><\/p>\n<p class=\"paragraph_style_11\"><em><span class=\"style_4\">\u00a0<\/span><\/em><\/p>\n<p class=\"paragraph_style_12\"><em>El director del Observatorio de Contrataci\u00f3n P\u00fablica ha participado en el programa &#8216;Els Matins&#8217; de TV3 este martes. Durante la entrevista, Jos\u00e9 Mar\u00eda Gimeno Feliu ha dicho que \u00ab<span class=\"style_5\">el sobrecoste ha sido una pr\u00e1ctica muy evidente en Espa\u00f1a<\/span>\u00bb y ha explicado que \u00ab<span class=\"style_5\">en otros pa\u00edses el sobrecoste en las obras no existe<\/span>\u00ab.\u00a0<\/em><\/p>\n<div class=\"paragraph paragraph_style_12\"><em>El contenido \u00edntegro de la entrevista a Jos\u00e9 Mar\u00eda Gimeno Feliu puede verse en la secci\u00f3n &#8216;A la carta&#8217; de la cadena catalana<\/em> (<a title=\"http:\/\/www.ccma.cat\/tv3\/alacarta\/els-matins\/jose-maria-gimeno-en-altres-paisos-el-sobrecost-en-les-obres-no-existeix\/video\/5660108\/\" href=\"http:\/\/www.ccma.cat\/tv3\/alacarta\/els-matins\/jose-maria-gimeno-en-altres-paisos-el-sobrecost-en-les-obres-no-existeix\/video\/5660108\/\" class=\"style_6\">&#8216;Els Matins&#8217;<\/a>).<\/div>\n<p class=\"paragraph_style_14\"><span style=\"color: #ff0000;\"><span class=\"style_9\">El Catedr\u00e1tico de Derecho Administrativo de la Universidad de Zaragoza y co-director delObservatorio de Contratos P\u00fablicos ha intervenido como Experto en la Comisi\u00f3n de Calidad Democr\u00e1tica del Congreso de los Diputados para hablar sobre MEDIDAS DE PREVENCION DE CORRUPCI\u00d3N Y REFUERZO DE LA TRANSPARENCIA EN RELACI\u00d3N A LA FINANCIACI\u00d3N DE PARTIDOS POL\u00cdTICOS<\/span>.<\/span> <strong>En su intervenci\u00f3n se ha incidido en la problem\u00e1tica de la financiaci\u00f3n ilegal de los partidos pol\u00edticos y su contextualizaci\u00f3n en una percepci\u00f3n social de corrupci\u00f3n y, en especial, de la debilidad de marco normativo de la contrataci\u00f3n p\u00fablica. Entre las medidas propuestas se puede destacar lo siguiente:1. Los partidos pol\u00edticos deben aplicar la legislaci\u00f3n de contratos del sector p\u00fablico. 2. \u201cDescontaminaci\u00f3n\u201d pol\u00edtica mediante la Impulso a la profesionalizaci\u00f3n y capacitaci\u00f3n de los empleados p\u00fablicos. 3. Uniformidad de reglas jur\u00eddicas en la contrataci\u00f3n para evitar la inseguridad jur\u00eddica que facilitan redes clientelas. 4. Reforzar el control preventivo y, en contrataci\u00f3n p\u00fablica extender el \u00e1mbito del recurso especial al margen del importe, reforzando la independencia de los \u00f3rganos de control. 5. Redise\u00f1o de la funci\u00f3n de los Tribunales de Cuentas, con funciones m\u00e1s ejecutivas y creaci\u00f3n de una Agencia independiente de control de corrupci\u00f3n que incluya control de la contrataci\u00f3n y de los partidos pol\u00edticos. 6. Regular la figura del chief compliance officer responsable de la misma. Y dentro de ese programa de compliance deber\u00eda regularse la incidencia de los grupos lobistas, entendiendo al respecto cualquier comunicaci\u00f3n directa o indirecta con agentes p\u00fablicos, decisores p\u00fablicos o representantes pol\u00edticos con la finalidad de influenciar la toma de decisi\u00f3n p\u00fablica, desarrollada por o en nombre de un grupo organizado<\/strong><\/p>\n<p class=\"paragraph_style_15\"><span class=\"style_10\"><span style=\"color: #00ccff;\">Intervenci\u00f3n<\/span>:<\/span><span style=\"color: #ff0000;\"><a title=\"http:\/\/congresodiferido.congreso.es:8935\/vod\/ondemand\/video\/leg12\/12_000331_009\/cortes\/mp4:12_000331_009.mp4\/manifest.m3u8\" href=\"http:\/\/congresodiferido.congreso.es:8935\/vod\/ondemand\/video\/leg12\/12_000331_009\/cortes\/mp4:12_000331_009.mp4\/manifest.m3u8\" style=\"color: #ff0000;\">http:\/\/congresodiferido.congreso.es:8935\/vod\/ondemand\/video\/leg12\/12_000331_009\/cortes\/mp4:12_000331_009.mp4\/manifest.m3u8<\/a><\/span><\/p>\n<p>[\/et_pb_text][\/et_pb_column][\/et_pb_row][\/et_pb_section]<\/p>\n","protected":false},"excerpt":{"rendered":"<p>VIDEO SEMINARIO \u201cBajo la lupa: el Estado, la infraestructura y la contrataci\u00f3n p\u00fablica\u201d. Per\u00fa. Marzo 2019 (Vi\u0301deo el 23-3-19 a las 10.30.mov) \u2022Prevenci\u00f3n del fraude en la pol\u00edtica de cohesi\u00f3n 2014 &#8211; 2020: estudio comparado sobre el correcto cumplimiento e implementaci\u00f3n de la normativa de la UE en el \u00e1mbito de la contrataci\u00f3n p\u00fablica por [&hellip;]<\/p>\n","protected":false},"author":1,"featured_media":0,"parent":0,"menu_order":0,"comment_status":"closed","ping_status":"closed","template":"","meta":{"_et_pb_use_builder":"on","_et_pb_old_content":"","_et_gb_content_width":"","footnotes":""},"class_list":["post-194","page","type-page","status-publish","hentry"],"_links":{"self":[{"href":"https:\/\/personal.unizar.es\/gimenof\/wp-json\/wp\/v2\/pages\/194","targetHints":{"allow":["GET"]}}],"collection":[{"href":"https:\/\/personal.unizar.es\/gimenof\/wp-json\/wp\/v2\/pages"}],"about":[{"href":"https:\/\/personal.unizar.es\/gimenof\/wp-json\/wp\/v2\/types\/page"}],"author":[{"embeddable":true,"href":"https:\/\/personal.unizar.es\/gimenof\/wp-json\/wp\/v2\/users\/1"}],"replies":[{"embeddable":true,"href":"https:\/\/personal.unizar.es\/gimenof\/wp-json\/wp\/v2\/comments?post=194"}],"version-history":[{"count":12,"href":"https:\/\/personal.unizar.es\/gimenof\/wp-json\/wp\/v2\/pages\/194\/revisions"}],"predecessor-version":[{"id":2686,"href":"https:\/\/personal.unizar.es\/gimenof\/wp-json\/wp\/v2\/pages\/194\/revisions\/2686"}],"wp:attachment":[{"href":"https:\/\/personal.unizar.es\/gimenof\/wp-json\/wp\/v2\/media?parent=194"}],"curies":[{"name":"wp","href":"https:\/\/api.w.org\/{rel}","templated":true}]}}