{"id":2893,"date":"2024-09-05T16:58:36","date_gmt":"2024-09-05T14:58:36","guid":{"rendered":"https:\/\/intesiscon.es\/chemagimeno\/?page_id=2893"},"modified":"2025-01-22T13:23:40","modified_gmt":"2025-01-22T12:23:40","slug":"publicaciones-recientes-2","status":"publish","type":"page","link":"https:\/\/personal.unizar.es\/gimenof\/publicaciones-recientes-2\/","title":{"rendered":"PUBLICACIONES RECIENTES"},"content":{"rendered":"<p>[et_pb_section fb_built=\u00bb1&#8243; _builder_version=\u00bb4.27.0&#8243; _module_preset=\u00bbdefault\u00bb global_colors_info=\u00bb{}\u00bb][et_pb_row _builder_version=\u00bb4.27.0&#8243; _module_preset=\u00bbdefault\u00bb global_colors_info=\u00bb{}\u00bb][et_pb_column type=\u00bb4_4&#8243; _builder_version=\u00bb4.27.0&#8243; _module_preset=\u00bbdefault\u00bb global_colors_info=\u00bb{}\u00bb][et_pb_text _builder_version=\u00bb4.27.0&#8243; _module_preset=\u00bbdefault\u00bb global_colors_info=\u00bb{}\u00bb]<\/p>\n<p><span style=\"font-size: x-large;\"><strong><span style=\"color: #0c71c3;\">II.- Publicaciones recientes:<\/span><\/strong><\/span><\/p>\n<p>&nbsp;<\/p>\n<ol>\n<li><span style=\"font-size: large;\"><span style=\"font-size: large;\">\u00a0enlace:<\/span><\/span>\n<div><span>Contrataci\u00f3n p\u00fablica y buena administraci\u00f3n. Un cambio de paradigma\u00bb, libro col. Observatorio de los contratos p\u00fablicos 2023, Aranzadi.<\/span><\/div>\n<div><\/div>\n<p><span style=\"font-size: large;\"><a href=\"https:\/\/www.cepc.gob.es\/publicaciones\/revistas\/revista-de-administracion-publica\/numero-176-mayoagosto-2008\/el-nuevo-ambito-subjetivo-de-aplicacion-de-la-ley-de-contratos-del-sector-publico-luces-y-sombras-2\">El nuevo \u00e1mbito subjetivo de aplicaci\u00f3n de la ley de contratos del sector p\u00fablico: luces y sombras<\/a>, <a href=\"01-GIMENO%20FELIU.pdf\">REVISTA DE ADMINISTRACI\u00d3N PUBLICA<\/a> N\u00daM. 176.<\/span><\/p>\n<\/li>\n<li><span style=\"font-size: large;\"><a href=\"https:\/\/www.cepc.gob.es\/publicaciones\/revistas\/revista-de-administracion-publica\/numero-173-mayoagosto-2007-2\">EL URBANISMO COMO ACTIVIDAD ECON\u00d3MICA. Y MERCADO P\u00daBLICO: LA APLICACI\u00d3N. DE LAS NORMAS DE CONTRATACI\u00d3N P\u00daBLICA<\/a>, REVISTA DE ADMINISTRACI\u00d3N PUBLICA N\u00daM. 173.<\/span><\/li>\n<li><span style=\"font-size: large;\">Crisis y Contratos ( <a href=\"Gimeno.Iustel.pdf\">Iustel.pdf<\/a>)<\/span><\/li>\n<li><span style=\"font-size: large;\">Contratos P\u00fablicos y corrupci\u00f3n (<a href=\"RDA10$_A090_517.pdf\">Revista Espa\u00f1ola de Derecho Administrativo 147.pdf<\/a>)<\/span><\/li>\n<li><span style=\"font-size: large;\">Novedades Legislativas: Recursos y modificados (<a href=\"GIMENO%20CONTRATOS%20NOVEDADES-1.pdf\">GIMENO CONTRATOS NOVEDADES.pdf<\/a>)<\/span><\/li>\n<li><span style=\"font-size: large;\">Directiva Servicios Y Contrataci\u00f3n P\u00fablica (<a href=\"14%20Gimeno.PDF\">14 Gimeno.PDF<\/a>)<\/span><\/li>\n<li><span style=\"font-size: large;\">El r\u00e9gimen de los modificados en la LCSP, Revista Espa\u00f1ola de Derecho Administrativo n\u00fam. 149, 2011<\/span><\/li>\n<li><span style=\"font-size: large;\">Delimitaci\u00f3n conceptual entre el contrato de gesti\u00f3n de servicios p\u00fablicos, contrato de servicios y CPP\u201d, (<a href=\"Delimitacio%CC%81n%20conceptual%20entre%20el%20contrato%20de%20gestio%CC%81n%20de%20servucuis%20copia.pdf\">Delimitaci\u00f3n conceptual entre el contrato de gesti\u00f3n de servicios copia.pdf<\/a>)<\/span><\/li>\n<li><span style=\"font-size: large;\">Towards efficiency in public procurement: simplifying procedures and reducing the administrative burden\u201d Paper presentado al International Public Procurement Conference (IPPC5) 2012, celebrado en Seattle (Washington) del 17 al 19 de agosto 2012. La publicaci\u00f3n de esta participaci\u00f3n se encuentra en:<a href=\"http:\/\/www.ippa.org\/IPPC5\/Proceedings\/Part4\/PAPER4-8.pdf\">http:\/\/www.ippa.org\/IPPC5\/Proceedings\/Part4\/PAPER4-8.pdf<\/a><\/span><\/li>\n<li><span style=\"font-size: large;\"><a href=\"NUEVAS_DIRECTIVAS.pdf\">Las nuevas directivas .cuarta generaci\u00f3n-&#8230;.pdf<\/a> Revista Espa\u00f1ola de Derecho Administrativo<\/span><\/li>\n<li><span style=\"font-size: large;\">Los Tribunales administrativos especiales de contrataci\u00f3n p\u00fablica ante las previsiones del INFORME CORA. Balance y prospectiva, Revista Derecho P\u00fablico de Catalu\u00f1a n\u00fam 47, 2013\u201d.<a href=\"REVISTA%20CATALANA%20DRET%20PUBLIC%2047,%202013.pdf\">REVISTA CATALANA DRET PUBLIC 47, 2013.pdf<\/a><\/span><\/li>\n<li><span style=\"font-size: large;\">Sobre el sistema de ponderaci\u00f3n del precio en los supuestos de varios criterios: la ilegalidad de las f\u00f3rmulas basadas en el denominado precio medio o de mercado\u201d,<a href=\"REL%20164,Transparencia.pdf\">(REL 164, 2013Transparencia.pdf<\/a>)<\/span><\/li>\n<li><span style=\"font-size: large;\">La modificaci\u00f3n de los contratos: L\u00edmites y derecho aplicable\u201d, en libro col. La contrataci\u00f3n p\u00fablica: problemas actuales, Consejo Consultivo Madrid, <a href=\"http:\/\/www.obcp.es\/index.php\/mod.noticias\/mem.detalle\/id.996\/relmenu.2\/chk.41c365ce4df63fea066d4ea27ec624f9\">2013<\/a> (<a href=\"jornadacontratacion2013.pdf\">pdf<\/a>)<\/span><\/li>\n<li><span style=\"font-size: large;\">\u201cReglas b\u00e1sicas para mejorar la eficiencia y la transparencia en la contrataci\u00f3n p\u00fablica\u201d, n\u00famero monogr\u00e1fico de la revista Presupuesto y Gasto P\u00fablico sobre \u201ccalidad institucional, transparencia y buen gobierno\u201d, n\u00fam. 82, 2016, pp. 137-158. (<a href=\"AR-M256_20190913_093006.pdf\">.pdf<\/a>)<\/span><\/li>\n<li><span style=\"font-size: large;\">Reflexiones en torno al procedimiento de dialogo competitivo. Fundamento y prospectiva\u201d, <a href=\"GIMENO.%20REL,dialogo%20e%20innovacion.pdf\">( REL 170, 2014, dialogo e innovacion.pdf<\/a>)<\/span><\/li>\n<li><span style=\"font-size: large;\"><a href=\"REDA%20172%20-%20JMGF.pdf\">\u201cLa \u201ccodificaci\u00f3n\u201d de la contrataci\u00f3n p\u00fablica mediante el derecho pretoriano derivado de la jurisprudencia del TJUE\u201d, REDA n\u00fam. 172, 2015, pp. 81-122.pdf<\/a><\/span><\/li>\n<li><span style=\"font-size: large;\">Nuevas tendencias en la gesti\u00f3n de las compras p\u00fablicas en la Uni\u00f3n Europea (<a href=\"Revista_Juridica_vol2.pdf\">pdf<\/a>), 2014.<\/span><\/li>\n<li><span style=\"font-size: large;\">Monograf\u00eda Las Nuevas Directivas de Contrataci\u00f3n P\u00fablica <a href=\"LAS%20NUEVAS%20DIRECTIVAS%20DE%20CONTRATACIO%CC%81N%20PUBLICA.pdf\">(texto.pdf<\/a>)<\/span><\/li>\n<li><span style=\"font-size: large;\">Trabajo libro Corrupci\u00f3n En Espa\u00f1a: Contrataci\u00f3n p\u00fablica y corrupci\u00f3n (<a href=\"LA%20CORRUPCION%20EN%20ESPAN%CC%83A.pdf\">LA CORRUPCION EN ESPA\u00d1A.pdf<\/a>)<\/span><\/li>\n<li><span style=\"font-size: large;\"><a href=\"Remunicipalizacion%20y%20derecho%20europeo.pdf\">Remunicipalizacion y derecho europeo.pdf<\/a><\/span><\/li>\n<li><span style=\"font-size: large;\"><a href=\"http:\/\/revistas.pucp.edu.pe\/index.php\/derechoysociedad\/article\/view\/14386\">Reflexiones y Propuestas en Torno a la Nueva Normativa Comunitaria sobre Contrataci\u00f3n P\u00fablic<\/a>a<\/span><\/li>\n<li><span style=\"font-size: large;\">\u201c<a href=\"http:\/\/livepage.apple.com\/\">Presente y futuro de la regulaci\u00f3n de la modificaci\u00f3n de los contratos del sector p\u00fablico<\/a>\u201d (libro Observatorio Contratos P\u00fablicos 2015, Aranzadi, 2016)<\/span><\/li>\n<li><span style=\"font-size: large;\"><a href=\"REVISTA%20TEMAS.pdf\">\u201cLa lucha contra la corrupci\u00f3n: la transparencia en los procedimientos de contrataci\u00f3n p\u00fablica\u201d, Revista Temas para debate, n\u00fam. 284, 2016, pp. 35-37<\/a><\/span><\/li>\n<li><span style=\"font-size: large;\"><a href=\"http:\/\/livepage.apple.com\/\">El necesario Big-Bang contra la corrupci\u00f3n en materia de contrataci\u00f3n p\u00fablica y la necesidad de rearmar el modelo de control desde la \u00f3ptica de la integridad y el buen gobierno\u201d, (revista Internacional Transparencia Internacional) R.I.T.I. n\u00ba 2 Septiembre-Diciembre 2016, pp. 1-12<\/a><\/span><\/li>\n<li><span style=\"font-size: large;\"><a href=\"http:\/\/livepage.apple.com\/\">Una primera valoraci\u00f3n del proyecto de ley de contratos sector p\u00fablico desde la perspectiva de la integridad y prevenci\u00f3n de la corrupci\u00f3n<\/a>.<\/span><\/li>\n<li><span style=\"font-size: large;\"><a href=\"GIMENORegap_52.pdf\">La transposici\u00f3n de de las Directivas de contrataci\u00f3n p\u00fablica en Espa\u00f1a y el efecto directo por vencimiento del plazo de incorporaci\u00f3n. Consecuencias pr\u00e1cticas\u201d, Revista Gallega de Administraci\u00f3n P\u00fablica, n\u00fam. 52, 2016, pp. 265-317pdf<\/a><\/span><\/li>\n<li><span style=\"font-size: large;\"><a href=\"JMGF_REDA182.pdf\">Hacia una nueva Ley de Contratos del Sector P\u00fablico. \u00bfUna nueva oportunidad perdida?\u201d, REDA n\u00fam. 182, 2017.pdf<\/a><\/span><\/li>\n<li><span style=\"font-size: large;\"><a href=\"Colaboracion_Publico_Privada-1.pdf\">Libro Colaboracion_Publico_Privada.pdf<\/a><\/span><\/li>\n<li><span style=\"font-size: large;\">\u201c<a href=\"QDL43_GimenoFeliu%20copia.pdf\">La remunicipalizaci\u00f3n de servicios p\u00fablicos locales: la necesaria depuraci\u00f3n de conceptos y los condicionantes jur\u00eddicos desde la \u00f3ptica del derecho europeo .pdf<\/a>\u201d, Cuadernos Derecho Local n\u00fam. 43, 2017, pp. 50-71.<\/span><\/li>\n<li><span style=\"font-size: large;\"><a href=\"https:\/\/revistasonline.inap.es\/index.php?journal=REALA&amp;page=article&amp;op=view&amp;path%5B%5D=10419\">Medidas de prevencion de corrupcion y refuerzo de la transparencia en la contratacion publica<\/a>, <a href=\"https:\/\/dialnet.unirioja.es\/servlet\/revista?codigo=21857\">Revista de Estudios de la Administraci\u00f3n Local y Auton\u00f3mica: Nueva \u00c9poca<\/a>, ISSN-e 1989-8975, <a href=\"https:\/\/dialnet.unirioja.es\/ejemplar\/466637\">N\u00ba. 7, 2017<\/a>, p\u00e1gs. 45-67<\/span><\/li>\n<li><span style=\"font-size: large;\"><a href=\"07%20Gimeno%20Feliu%20.pdf\">Las condiciones sociales en la contrataci\u00f3n p\u00fablica: posibilidades y l\u00edmites\u00a0 .pdf<\/a>. Anuario Gobierno Local n\u00fam. 20, 2017, pp. 241-287.<\/span><\/li>\n<li><span style=\"font-size: large;\"><a href=\"https:\/\/revistasonline.inap.es\/index.php?journal=DA&amp;page=article&amp;op=view&amp;path%5B%5D=10493&amp;path%5B%5D=11178\">La transposici\u00f3n de las directivas de contrataci\u00f3n p\u00fablica en Espa\u00f1a: una primera valoraci\u00f3n de sus principales novedades<\/a>. Documentaci\u00f3n Administrativa. Nueva Epoca. Num 4, 2017.<\/span><\/li>\n<li><span style=\"font-size: large;\"><a href=\"http:\/\/www.ius-publicum.com\/repository\/uploads\/05_03_2018_15_54-La-contratacin-pblica-como-estrategia_Ius_Publicum_I_2018.pdf\">La contrataci\u00f3n p\u00fablica como estrategia: el fomento de la innovaci\u00f3n<\/a>, Ius Publicum n\u00fam. 1, de 2018.<\/span><\/li>\n<li><span style=\"font-size: large;\"><a href=\"El%20nuevo%20modewlo%20concesional.%20El%20Cronista,%202018.pdf\">El nuevo modelo concesional. El Cronista, 2018.pdf<\/a><\/span><\/li>\n<li><span style=\"font-size: large;\">\u201cCorrupci\u00f3n y contrataci\u00f3n p\u00fablica: las soluciones de la LCSP\u201d, Tratado de contratos del sector p\u00fablico, Tirant lo Blanch, Valencia, 2018., pp. 239-318 (<a href=\"Capitulo%204%20tratado%20de%20contratos%20sp.pdf\">Capitulo 4 tratado de contratos sp.pdf<\/a>).<\/span><\/li>\n<li><span style=\"font-size: large;\">\u201cLa transferencia de conocimiento de las universidades p\u00fablicas y la incidencia de la legislaci\u00f3n de contratos p\u00fablicos:\u00a0 diferencias entre la transferencia\u00a0 de servicios de investigaci\u00f3n y la\u00a0 transferencia de bienes incorporales (derechos intelectuales)\u201d, Monogr\u00e1fico Revista Aragonesa Administraci\u00f3n P\u00fablica, XVIII, Zaragoza, 2018, pp. 21-43 (<a href=\"03%20Jos%EF%BF%BD%20M%20Gimeno.pdf\">03 Jose M Gimeno.pdf<\/a>)<\/span><\/li>\n<li><span style=\"font-size: large;\">Estudio jur\u00eddico sobre la condici\u00f3n de bienes incorporales de la producci\u00f3n en televisi\u00f3n (derechos intelectuales) a efectos de la aplicaci\u00f3n de la normativa de contratos p\u00fablicos. Procedimientos de adjudicaci\u00f3n, Cuadernos de derecho local, Num. 48, 2018, Pags. 312-345 (<a href=\"12-GIMENO_QDL%2048_2018-2.pdf\">12-GIMENO_QDL 48_2018-2.pdf<\/a>)<\/span><\/li>\n<li><span style=\"font-size: large;\">\u201cLa colaboraci\u00f3n p\u00fablico-privada en el \u00e1mbito de los servicios sociales y sanitarios dirigidos a las Condicionantes europeos y constitucionales\u201d Revista Aragonesa de Administraci\u00f3n P\u00fablica n\u00fam. 52, 2018, pp. 12-66.(<a href=\"01%20Jos%EF%BF%BD%20M%20Feliu%CC%81.pdf\">01 Jos\u00e9 M Feli\u00fa.pdf<\/a>)<\/span><\/li>\n<li><span style=\"font-size: large;\"><a href=\"Gobernanza_Contratos_Pu%CC%81blicos_Colaboracio%CC%81n_Pu%CC%81blico_Privada.pdf\">Gobernanza_Contratos_P\u00fablicos_Colaboraci\u00f3n_P\u00fablico_Privada.pdf<\/a>,C\u00e1mara Comercio Barcelona\/Esade, Barcelona, 2019<\/span><\/li>\n<li><span style=\"font-size: large;\"><a href=\"corrupcion%20y%20seguridad%20juri%CC%81dica.pdf\">corrupcion y seguridad jur\u00eddica.pdf<\/a><\/span><\/li>\n<li><span style=\"font-size: large;\">\u201cLa calidad como nuevo paradigma de la contrataci\u00f3n p\u00fablica\u201d, Contrataci\u00f3n administrativa pr\u00e1ctica: revista de la contrataci\u00f3n administrativa y de los contratistas, n\u00fam. 159, 2019, pp. 14-19 (<a href=\"AR-M256_20190913_092710.pdf\">pdf<\/a>)<\/span><\/li>\n<li><span style=\"font-size: large;\">\u201cReglas de contrataci\u00f3n aplicables a los poderes adjudicadores cuando act\u00faan como operadores econ\u00f3micos y deben subcontratar prestaciones (servicios y\/o suministros) para el cumplimiento del contrato\u201d, Observatorio de contrataci\u00f3n\u00a0 p\u00fablica 2018 (Dir.), Aranzadi, Cizur Menor, 2019, pp. 25-48.(<a href=\"Capi%CC%81tulo%20Jose%CC%81%20Mari%CC%81a%20Gimeno%20Feliu.pdf\">Cap\u00edtulo Jos\u00e9 Mar\u00eda Gimeno Feliu.pdf<\/a>)<\/span><\/li>\n<li><span style=\"font-size: large;\">\u201cCorrupci\u00f3n y seguridad jur\u00eddica. La necesidad de un marco normativo de las decisiones p\u00fablicas anclado en los principios de Integridad y de Transparencia\u201d. RITI n\u00fam.9, 2019.<\/span><\/li>\n<li><span style=\"font-size: large;\">\u201cLa compra p\u00fablica de medicamentos: hacia el necesario equilibro entre calidad de la prestaci\u00f3n asistencial y sostenibilidad financiera del sistema\u201d en la REDA n\u00fam. 202, 2019. (<a href=\"Compra%20publica%20de%20medicamentos.pdf\">Compra publica de medicamentos.pdf<\/a>)<\/span><\/li>\n<li><span style=\"font-size: large;\">\u201cAn\u00e1lisis sobre la aplicaci\u00f3n pr\u00e1ctica de la Ley de Contratos del Sector P\u00fablico; especial referencia a los art\u00edculos m\u00e1s complejos en su tramitaci\u00f3n\u201d, Cuadernos de Derecho Local 52, 2020, pp. 12-103. (<a href=\"Gimeno%20Feliu%20(1%C2%BA%20prueba).pdf\">Gimeno Feliu (1\u00ba prueba).pdf<\/a>)<\/span><\/li>\n<li><span style=\"font-size: large;\">\u201cLa crisis sanitaria COVID-19 y su incidencia en la contrataci\u00f3n p\u00fablica\u201d, Revista El Cronista del estado Social y Democr\u00e1tico de Derecho, n\u00fams. 86-87, marzo-abril 2020, pp. 42-53.(<a href=\"El-Cronista-nu%CC%81mero-86-87-Coronavirus.pdf\">El-Cronista-n\u00famero-86-87-Coronavirus.pdf<\/a>)<\/span><\/li>\n<li><span style=\"font-size: large;\">\u201cLa visi\u00f3n estrat\u00e9gica en la contrataci\u00f3n p\u00fablica en la LCSP: hacia una contrataci\u00f3n socialmente responsable y de calidad\u201d, Revista Econom\u00eda Industrial n\u00fam. 415, 2020, pp. 89-97. (<a href=\"GIMENO%20FELIU%20REV%20EConomia%20INduistrial.pdf\">GIMENO FELIU REV EConomia INduistrial.pdf<\/a>)<\/span><\/li>\n<li><span style=\"font-size: large;\">\u201cLas fronteras del contrato p\u00fablico: depuraci\u00f3n conceptual de los negocios jur\u00eddicos excluidos desde la perspectiva funcional del Derecho europeo\u201d, REDA n\u00fam.205, 2020.<\/span><\/li>\n<li><span style=\"font-size: large;\">\u201cLa nueva regulaci\u00f3n de la contrataci\u00f3n en los sectores especiales y su incidencia pr\u00e1ctica. Novedades del Real Decreto-ley 3\/2020\u201d, Cuadernos de Derecho Local n\u00fam. 53, 2020, pp. 12-74. (<a href=\"GImeno.%20Sectores%20especiales.%20QDL53_2020.pdf\"> Sectores especiales. QDL53_2020.pdf<\/a>)<\/span><\/li>\n<li><span style=\"font-size: large;\"><a href=\"Jose%CC%81%20Mari%CC%81a%20Gimeno%20Feliu%20(observatorio).pdf\">Jos\u00e9 Mar\u00eda Gimeno Feliu (observatorio).pdf<\/a>, Observatorio de contrataci\u00f3n p\u00fablica 2020, Aranzadi, Cizur Menor, 2021, pp. 23-50.<\/span><\/li>\n<li><span style=\"font-size: large;\">El desafio de fondos Next Generation como elemento de transformaci\u00f3n de la gesti\u00f3n publica pdf <a href=\"02%20Jose%CC%81%20M%20Gimeno.pdf\">(ver.pdf<\/a>) Revista Aragonesa de Administraci\u00f3n P\u00fablica. n\u00fam. monogr\u00e1fico n\u00fam. XX, pp. 21-42.<\/span><\/li>\n<li><span style=\"font-size: large;\">\u201c<a href=\"https:\/\/laadministracionaldia.inap.es\/noticia.asp?id=1512589\">El necesario big bang en la contratacion publica: hacia una visi\u00f3n dispruptiva regulatoria y en la gestion p\u00fablica y privada, que ponga el acento en la calidad<\/a>\u201d, Revista General de Derecho administrativo n\u00fam. 59, 2022.<\/span><\/li>\n<li><span style=\"font-size: large;\"><a href=\"https:\/\/laadministracionaldia.inap.es\/noticia.asp?id=1512916\">\u201cA prop\u00f3sito de la (IN) adecuaci\u00f3n a los principios de la contrataci\u00f3n p\u00fablica de ofertas a p\u00e9rdidas en la contrataci\u00f3n p\u00fablica y en negocios concesionales\u201d.<\/a> Revista General de Derecho Administrativo n\u00fam. 60, 2022.<\/span><\/li>\n<li><span style=\"font-size: large;\"><a href=\"https:\/\/www.obcp.es\/noticias\/publicada-la-monografia-congreso-internacional-el-desafio-de-la-recuperacion-y-el-papel-de\">Retos y desaf\u00edos de la compra publica de salud en el siglo xxi: a prop\u00f3sito de la adquisici\u00f3n de medicamentos (y vacunas) y la necesidad de actualizar la soluci\u00f3n jur\u00eddica\u201d, Congreso internacional: el desaf\u00edo de la recuperaci\u00f3n y el papel de la contratac<\/a>(Dir.), Aranzadi, 2022, pp. 35-70.<\/span><\/li>\n<li><span style=\"font-size: large;\">\u201c<a href=\"https:\/\/www.obcp.es\/sites\/default\/files\/2022-09\/Primeras_paginas_monografico.pdf\">Retos y desaf\u00edos de la contrataci\u00f3n p\u00fablica en tiempos de incertidumbres y la necesidad de garantizar el principio de honesta equivalencia<\/a>\u201d, Observatorio de contrataci\u00f3n\u00a0 p\u00fablica 2021 (Dir.), Aranzadi, Cizur Menor, 2022, pp. 35-46.<\/span><\/li>\n<li><span style=\"font-size: large;\"><a href=\"https:\/\/laadministracionaldia.inap.es\/noticia.asp?id=1513389\">Contrataci\u00f3n p\u00fablica en tiempos excepcionales. Revista General de Derecho Administrativo n\u00fam. 61, 2022<\/a>. (<a href=\"Contratacion%20publica%20en%20tiempos%20excepcionales.pdf\">Contratacion publica en tiempos excepcionales.pdf<\/a>)<\/span><\/li>\n<li><span style=\"font-size: large;\">L<a href=\"https:\/\/www.gobiernolocal.org\/publicaciones\/2023\/QDL61\/QDL61_07_JoseMaria_Gimeno.pdf\">a jurisprudencia reciente del TJUE en materia de contratos p\u00fablicos. Efectos pr\u00e1cticos, Cuadernos de Derecho Local n\u00fam. 61, 2023<\/a>, pp. 198-272.<\/span><\/li>\n<li><span style=\"font-size: large;\"><a href=\"https:\/\/revistasonline.inap.es\/index.php\/REALA\/article\/view\/11191\">Sobre el procedimiento de contrataci\u00f3n de servicios jur\u00eddicos de defensa jurisdiccional y su consideraci\u00f3n de negocio excluido de la normativa de contrataci\u00f3n p\u00fablica y la posibilidad de retribuci\u00f3n mediante pacto de cuota Litis, Revista Estudios auton\u00f3micos y Locales (REaLA, nueva \u00e9poca), n\u00fam. 19, 202<\/a><\/span><\/li>\n<li><span style=\"font-size: large;\"><a href=\"https:\/\/www.ius-publicum.it\/wp-content\/uploads\/2024\/10\/G.-Feliu_IusPub_Nuevos-modelos-sanitarios.pdf\">https:\/\/www.ius-publicum.it\/wp-content\/uploads\/2024\/10\/G.-Feliu_IusPub_Nuevos-modelos-sanitarios.pd<\/a><\/span><span style=\"font-size: large;\"><\/span><\/li>\n<li>\n<div><span>\u00abContrataci\u00f3n p\u00fablica y buena administraci\u00f3n. Un cambio de paradigma\u00bb, libro col. Observatorio de los contratos p\u00fablicos 2023, Aranzadi. <a href=\"https:\/\/www.obcp.es\/sites\/default\/files\/2024-09\/Interiores_11zon.pdf\">(enlace<\/a>)<\/span><\/div>\n<\/li>\n<li><span style=\"font-size: large;\"><\/span><\/li>\n<li><span style=\"font-size: large;\"><\/span><\/li>\n<\/ol>\n<p>[\/et_pb_text][\/et_pb_column][\/et_pb_row][\/et_pb_section]<\/p>\n","protected":false},"excerpt":{"rendered":"<p>II.- Publicaciones recientes: &nbsp; \u00a0enlace: Contrataci\u00f3n p\u00fablica y buena administraci\u00f3n. Un cambio de paradigma\u00bb, libro col. Observatorio de los contratos p\u00fablicos 2023, Aranzadi. El nuevo \u00e1mbito subjetivo de aplicaci\u00f3n de la ley de contratos del sector p\u00fablico: luces y sombras, REVISTA DE ADMINISTRACI\u00d3N PUBLICA N\u00daM. 176. EL URBANISMO COMO ACTIVIDAD ECON\u00d3MICA. Y MERCADO P\u00daBLICO: LA [&hellip;]<\/p>\n","protected":false},"author":1,"featured_media":0,"parent":0,"menu_order":0,"comment_status":"closed","ping_status":"closed","template":"","meta":{"_et_pb_use_builder":"on","_et_pb_old_content":"","_et_gb_content_width":"","footnotes":""},"class_list":["post-2893","page","type-page","status-publish","hentry"],"_links":{"self":[{"href":"https:\/\/personal.unizar.es\/gimenof\/wp-json\/wp\/v2\/pages\/2893","targetHints":{"allow":["GET"]}}],"collection":[{"href":"https:\/\/personal.unizar.es\/gimenof\/wp-json\/wp\/v2\/pages"}],"about":[{"href":"https:\/\/personal.unizar.es\/gimenof\/wp-json\/wp\/v2\/types\/page"}],"author":[{"embeddable":true,"href":"https:\/\/personal.unizar.es\/gimenof\/wp-json\/wp\/v2\/users\/1"}],"replies":[{"embeddable":true,"href":"https:\/\/personal.unizar.es\/gimenof\/wp-json\/wp\/v2\/comments?post=2893"}],"version-history":[{"count":12,"href":"https:\/\/personal.unizar.es\/gimenof\/wp-json\/wp\/v2\/pages\/2893\/revisions"}],"predecessor-version":[{"id":3183,"href":"https:\/\/personal.unizar.es\/gimenof\/wp-json\/wp\/v2\/pages\/2893\/revisions\/3183"}],"wp:attachment":[{"href":"https:\/\/personal.unizar.es\/gimenof\/wp-json\/wp\/v2\/media?parent=2893"}],"curies":[{"name":"wp","href":"https:\/\/api.w.org\/{rel}","templated":true}]}}