{"id":2902,"date":"2024-09-05T17:01:30","date_gmt":"2024-09-05T15:01:30","guid":{"rendered":"https:\/\/intesiscon.es\/chemagimeno\/?page_id=2902"},"modified":"2026-01-20T10:29:08","modified_gmt":"2026-01-20T09:29:08","slug":"borrador-automatico","status":"publish","type":"page","link":"https:\/\/personal.unizar.es\/gimenof\/borrador-automatico\/","title":{"rendered":"OTRAS CUESTIONES DE INVESTIGACI\u00d3N"},"content":{"rendered":"<p>[et_pb_section fb_built=\u00bb1&#8243; _builder_version=\u00bb4.27.0&#8243; _module_preset=\u00bbdefault\u00bb global_colors_info=\u00bb{}\u00bb][et_pb_row _builder_version=\u00bb4.27.0&#8243; _module_preset=\u00bbdefault\u00bb global_colors_info=\u00bb{}\u00bb][et_pb_column type=\u00bb4_4&#8243; _builder_version=\u00bb4.27.0&#8243; _module_preset=\u00bbdefault\u00bb global_colors_info=\u00bb{}\u00bb][et_pb_text _builder_version=\u00bb4.27.3&#8243; _module_preset=\u00bbdefault\u00bb global_colors_info=\u00bb{}\u00bb]<\/p>\n<p><span style=\"font-size: large;\"><strong>III.- Otras cuestiones de <span style=\"color: #0c71c3;\">investigaci\u00f3n<\/span>:<\/strong><\/span><\/p>\n<ol>\n<li><span style=\"font-size: large;\"><strong>Intervenci\u00f3n en la Comisi\u00f3n de Comparecencias Ciudadanas y Derechos Humanos de las Cortes de Arag\u00f3n celebrada el 19 de abril de 2022 por parte de Equipos M\u00f3viles de Campa\u00f1a ARPA S.A.U., al objeto de informar sobre la compra de mascarillas a terceros pa\u00edses por parte de la administraci\u00f3n auton\u00f3mica a pesar de haber apoyado y subvencionado su iniciativa de fabricaci\u00f3n de mascarillas, le enviamos la siguiente documentaci\u00f3n:<\/strong><\/span><\/li>\n<\/ol>\n<p><span style=\"font-size: large;\">Enlace al v\u00eddeo de la comparecencia:<\/span><\/p>\n<p><span style=\"font-size: large;\"><a href=\"https:\/\/n9.cl\/cdcbv\">https:\/\/n9.cl\/cdcbv<\/a><\/span><\/p>\n<p><span style=\"font-size: large;\">Informaci\u00f3n publicada en la web:<\/span><\/p>\n<p><span style=\"font-size: large;\"><a href=\"https:\/\/n9.cl\/01t8u\">https:\/\/n9.cl\/01t8u<\/a><\/span><\/p>\n<ol start=\"2\">\n<li><span style=\"font-size: large;\"><strong> <\/strong><strong>El negocio de la emergencia <u><a href=\"https:\/\/www.rtve.es\/play\/videos\/informe-semanal\/negocio-emergencia\/6522114\/\">(Informe semanal. 30 abril de 2022)<\/a><\/u><\/strong><\/span><\/li>\n<li><span style=\"font-size: large;\">Enlace al v\u00eddeo de la presentaci\u00f3n del libro Hacia la buena <\/span>administraci\u00f3n<span style=\"font-size: large;\"> desde la <\/span>contrataci\u00f3n<span style=\"font-size: large;\"> p\u00fablica. Julio de 2025. Costa Rica:<a href=\"https:\/\/www.youtube.com\/watch?v=fypzqr-6id0\">https:\/\/www.youtube.com\/watch?v=fypzqr-6id0<\/a><\/span><\/li>\n<\/ol>\n<p><span style=\"font-size: large;\">4. <\/span><strong style=\"font-size: large;\">V\u00cdDEOS JOS\u00c9 MAR\u00cdA GIMENO FELI\u00da<\/strong><span style=\"font-size: large;\">: <\/span><a href=\"AEBmAIJoAKoBsICCBAAGIAEGLADwgIJEAAYsAMYBxgewgIHEAAYsAMYHsICCRAAGLADGAgYHsICCxAAGLADGAgYChgewgILEAAYsAMYCBgeGA_CAgsQABiABBiwAxiiBMICBhAAGBYYHsICCBAAGBYYChgewgIIEAAYFhgeGA_CAggQABiABBiiBMICCBAAGKIEGIkFmAMAiAYBkAYKkgcDMi43oAf1GQ\" style=\"font-size: large;\">Todos los v\u00eddeos<\/a><\/p>\n<p><span style=\"color: #0c71c3; font-size: large;\"><strong>Algunos ejemplos:<\/strong><\/span><\/p>\n<p><span style=\"font-size: large;\">&#8211; <\/span><yt-formatted-string force-default-style=\"\" class=\"style-scope ytd-watch-metadata\">Jose Maria Gimeno Feliu invitado al lanzamiento del Observatorio de la Contrataci\u00f3n P\u00fablica: <a href=\"https:\/\/www.youtube.com\/watch?v=B3b9ZlJpbus\"><span style=\"font-size: large;\">https:\/\/www.youtube.com\/watch?v=B3b9ZlJpbus<\/span><\/a><\/yt-formatted-string><\/p>\n<p><span style=\"font-size: large;\">&#8211; <\/span><yt-formatted-string force-default-style=\"\" class=\"style-scope ytd-watch-metadata\">Jose Maria Gimeno Feliu &#8211; Contrataci\u00f3n p\u00fablica y prevenci\u00f3n de la corrupci\u00f3n: <a href=\"https:\/\/www.youtube.com\/watch?v=ysGT4IDx99w\"><span style=\"font-size: large;\">https:\/\/www.youtube.com\/watch?v=ysGT4IDx99w<\/span><\/a><\/yt-formatted-string><\/p>\n<p><span style=\"font-size: large;\">&#8211; <\/span><yt-formatted-string force-default-style=\"\" class=\"style-scope ytd-watch-metadata\">Jose Maria Gimeno Feliu: En busca de la estrella polar de la contrataci\u00f3n p\u00fablica: <a href=\"https:\/\/www.youtube.com\/watch?v=Hgsvn10C7MQ\"><span style=\"font-size: large;\">https:\/\/www.youtube.com\/watch?v=Hgsvn10C7MQ<\/span><\/a><\/yt-formatted-string><\/p>\n<p><span style=\"font-size: large;\">&#8211; <\/span><yt-formatted-string force-default-style=\"\" class=\"style-scope ytd-watch-metadata\">Jose Maria Gimeno Feliu: XII Congreso internacional \u00abPor una moderna estrategia nacional de contrataci\u00f3n p\u00fablica\u00bb: <a href=\"https:\/\/www.youtube.com\/watch?v=kBcpoE72WaY\"><span style=\"font-size: large;\">https:\/\/www.youtube.com\/watch?v=kBcpoE72WaY<\/span><\/a><\/yt-formatted-string><\/p>\n<p><span style=\"font-size: large;\">&#8211; Jose Mar\u00eda Gimeno Feli\u00fa: Jornada sobre la Ley de Contratos del Sector P\u00fablico: <a href=\"https:\/\/vimeo.com\/258941135\">https:\/\/vimeo.com\/258941135<\/a><\/span><\/p>\n<p>&nbsp;<\/p>\n<p>[\/et_pb_text][\/et_pb_column][\/et_pb_row][\/et_pb_section]<\/p>\n","protected":false},"excerpt":{"rendered":"<p>III.- Otras cuestiones de investigaci\u00f3n: Intervenci\u00f3n en la Comisi\u00f3n de Comparecencias Ciudadanas y Derechos Humanos de las Cortes de Arag\u00f3n celebrada el 19 de abril de 2022 por parte de Equipos M\u00f3viles de Campa\u00f1a ARPA S.A.U., al objeto de informar sobre la compra de mascarillas a terceros pa\u00edses por parte de la administraci\u00f3n auton\u00f3mica a [&hellip;]<\/p>\n","protected":false},"author":1,"featured_media":0,"parent":0,"menu_order":0,"comment_status":"closed","ping_status":"closed","template":"","meta":{"_et_pb_use_builder":"on","_et_pb_old_content":"","_et_gb_content_width":"","footnotes":""},"class_list":["post-2902","page","type-page","status-publish","hentry"],"_links":{"self":[{"href":"https:\/\/personal.unizar.es\/gimenof\/wp-json\/wp\/v2\/pages\/2902","targetHints":{"allow":["GET"]}}],"collection":[{"href":"https:\/\/personal.unizar.es\/gimenof\/wp-json\/wp\/v2\/pages"}],"about":[{"href":"https:\/\/personal.unizar.es\/gimenof\/wp-json\/wp\/v2\/types\/page"}],"author":[{"embeddable":true,"href":"https:\/\/personal.unizar.es\/gimenof\/wp-json\/wp\/v2\/users\/1"}],"replies":[{"embeddable":true,"href":"https:\/\/personal.unizar.es\/gimenof\/wp-json\/wp\/v2\/comments?post=2902"}],"version-history":[{"count":11,"href":"https:\/\/personal.unizar.es\/gimenof\/wp-json\/wp\/v2\/pages\/2902\/revisions"}],"predecessor-version":[{"id":3250,"href":"https:\/\/personal.unizar.es\/gimenof\/wp-json\/wp\/v2\/pages\/2902\/revisions\/3250"}],"wp:attachment":[{"href":"https:\/\/personal.unizar.es\/gimenof\/wp-json\/wp\/v2\/media?parent=2902"}],"curies":[{"name":"wp","href":"https:\/\/api.w.org\/{rel}","templated":true}]}}