{"id":3128,"date":"2025-01-21T22:22:38","date_gmt":"2025-01-21T21:22:38","guid":{"rendered":"https:\/\/intesiscon.es\/chemagimeno\/?page_id=3128"},"modified":"2025-01-21T22:22:38","modified_gmt":"2025-01-21T21:22:38","slug":"catedra-contratacion-publica-local","status":"publish","type":"page","link":"https:\/\/personal.unizar.es\/gimenof\/catedra-contratacion-publica-local\/","title":{"rendered":"C\u00c1TEDRA CONTRATACI\u00d3N P\u00daBLICA LOCAL"},"content":{"rendered":"<p>[et_pb_section fb_built=\u00bb1&#8243; theme_builder_area=\u00bbpost_content\u00bb _builder_version=\u00bb4.27.3&#8243; _module_preset=\u00bbdefault\u00bb][\/et_pb_section]<\/p>\n","protected":false},"excerpt":{"rendered":"","protected":false},"author":1,"featured_media":0,"parent":0,"menu_order":0,"comment_status":"closed","ping_status":"closed","template":"","meta":{"_et_pb_use_builder":"on","_et_pb_old_content":"","_et_gb_content_width":"","footnotes":""},"class_list":["post-3128","page","type-page","status-publish","hentry"],"_links":{"self":[{"href":"https:\/\/personal.unizar.es\/gimenof\/wp-json\/wp\/v2\/pages\/3128","targetHints":{"allow":["GET"]}}],"collection":[{"href":"https:\/\/personal.unizar.es\/gimenof\/wp-json\/wp\/v2\/pages"}],"about":[{"href":"https:\/\/personal.unizar.es\/gimenof\/wp-json\/wp\/v2\/types\/page"}],"author":[{"embeddable":true,"href":"https:\/\/personal.unizar.es\/gimenof\/wp-json\/wp\/v2\/users\/1"}],"replies":[{"embeddable":true,"href":"https:\/\/personal.unizar.es\/gimenof\/wp-json\/wp\/v2\/comments?post=3128"}],"version-history":[{"count":2,"href":"https:\/\/personal.unizar.es\/gimenof\/wp-json\/wp\/v2\/pages\/3128\/revisions"}],"predecessor-version":[{"id":3130,"href":"https:\/\/personal.unizar.es\/gimenof\/wp-json\/wp\/v2\/pages\/3128\/revisions\/3130"}],"wp:attachment":[{"href":"https:\/\/personal.unizar.es\/gimenof\/wp-json\/wp\/v2\/media?parent=3128"}],"curies":[{"name":"wp","href":"https:\/\/api.w.org\/{rel}","templated":true}]}}