{"id":805,"date":"2021-07-28T08:20:31","date_gmt":"2021-07-28T08:20:31","guid":{"rendered":"https:\/\/personal.unizar.es\/jamolina\/?page_id=805"},"modified":"2021-10-26T17:39:54","modified_gmt":"2021-10-26T17:39:54","slug":"opinion","status":"publish","type":"page","link":"https:\/\/personal.unizar.es\/jamolina\/opinion\/","title":{"rendered":"Opini\u00f3n"},"content":{"rendered":"\t\t<div data-elementor-type=\"wp-page\" data-elementor-id=\"805\" class=\"elementor elementor-805\" data-elementor-settings=\"[]\">\n\t\t\t\t\t\t\t<div class=\"elementor-section-wrap\">\n\t\t\t\t\t\t\t<section class=\"elementor-section elementor-top-section elementor-element elementor-element-04b3300 elementor-section-boxed elementor-section-height-default elementor-section-height-default\" data-id=\"04b3300\" data-element_type=\"section\" data-settings=\"{&quot;background_background&quot;:&quot;classic&quot;}\">\n\t\t\t\t\t\t<div class=\"elementor-container elementor-column-gap-default\">\n\t\t\t\t\t<div class=\"elementor-column elementor-col-100 elementor-top-column elementor-element elementor-element-321aba7\" data-id=\"321aba7\" data-element_type=\"column\">\n\t\t\t<div class=\"elementor-widget-wrap elementor-element-populated\">\n\t\t\t\t\t\t\t\t<div class=\"elementor-element elementor-element-3185af9 elementor-widget elementor-widget-text-editor\" data-id=\"3185af9\" data-element_type=\"widget\" data-widget_type=\"text-editor.default\">\n\t\t\t\t<div class=\"elementor-widget-container\">\n\t\t\t<style>\/*! elementor - v3.5.5 - 03-02-2022 *\/\n.elementor-widget-text-editor.elementor-drop-cap-view-stacked .elementor-drop-cap{background-color:#818a91;color:#fff}.elementor-widget-text-editor.elementor-drop-cap-view-framed .elementor-drop-cap{color:#818a91;border:3px solid;background-color:transparent}.elementor-widget-text-editor:not(.elementor-drop-cap-view-default) .elementor-drop-cap{margin-top:8px}.elementor-widget-text-editor:not(.elementor-drop-cap-view-default) .elementor-drop-cap-letter{width:1em;height:1em}.elementor-widget-text-editor .elementor-drop-cap{float:left;text-align:center;line-height:1;font-size:50px}.elementor-widget-text-editor .elementor-drop-cap-letter{display:inline-block}<\/style>\t\t\t\t<p><strong>Jos\u00e9 Alberto Molina<\/strong><br \/><strong>University of Zaragoza (Spain) and Institute for the Study of Labor-IZA (Germany)<\/strong><br \/><strong>Art\u00edculos de Opini\u00f3n<\/strong><\/p>\t\t\t\t\t\t<\/div>\n\t\t\t\t<\/div>\n\t\t\t\t\t<\/div>\n\t\t<\/div>\n\t\t\t\t\t\t\t<\/div>\n\t\t<\/section>\n\t\t\t\t<section class=\"elementor-section elementor-top-section elementor-element elementor-element-bc0bc61 elementor-section-boxed elementor-section-height-default elementor-section-height-default\" data-id=\"bc0bc61\" data-element_type=\"section\" data-settings=\"{&quot;background_background&quot;:&quot;classic&quot;}\">\n\t\t\t\t\t\t<div class=\"elementor-container elementor-column-gap-default\">\n\t\t\t\t\t<div class=\"elementor-column elementor-col-100 elementor-top-column elementor-element elementor-element-d31a085\" data-id=\"d31a085\" data-element_type=\"column\">\n\t\t\t<div class=\"elementor-widget-wrap elementor-element-populated\">\n\t\t\t\t\t\t\t\t<div class=\"elementor-element elementor-element-46c52a9 elementor-widget elementor-widget-text-editor\" data-id=\"46c52a9\" data-element_type=\"widget\" data-widget_type=\"text-editor.default\">\n\t\t\t\t<div class=\"elementor-widget-container\">\n\t\t\t\t\t\t\t<h4><strong>2017:<\/strong><\/h4><p><strong><a href=\"https:\/\/personal.unizar.es\/jamolina\/wp-content\/uploads\/2021\/07\/EmprenderentreEmprendedores-1.pdf\" target=\"_blank\" rel=\"noopener\">Emprender entre emprendedores<\/a>.<\/strong> Heraldo de Arag\u00f3n, 14 de mayo de 2017<br \/><a href=\"https:\/\/personal.unizar.es\/jamolina\/wp-content\/uploads\/2021\/07\/alfinalsera.pdf\" target=\"_blank\" rel=\"noopener\"><strong>\u00bfAl final ser\u00e1 la econom\u00eda?.<\/strong><\/a> Heraldo de Arag\u00f3n, 15 de octubre de 20157<\/p><h4><strong>2016:<\/strong><\/h4><p><a href=\"https:\/\/personal.unizar.es\/jamolina\/wp-content\/uploads\/2021\/07\/LeccionesdeEmprendimiento-1.pdf\" target=\"_blank\" rel=\"noopener\"><strong>Lecciones de Emprendimiento.<\/strong> <\/a>Heraldo de Arag\u00f3n, 20 de julio de 2016<br \/><a href=\"https:\/\/personal.unizar.es\/jamolina\/wp-content\/uploads\/2021\/07\/elparounacuestion.pdf\" target=\"_blank\" rel=\"noopener\"><strong>\u00bfEl paro una cuesti\u00f3n de estado?<\/strong> <\/a>. Heraldo de Arag\u00f3n, 24 de diciembre de 2016<\/p><h4><strong>2015:<\/strong><\/h4><p><a href=\"https:\/\/personal.unizar.es\/jamolina\/wp-content\/uploads\/2021\/07\/150223_z0_eyn3.pdf\" target=\"_blank\" rel=\"noopener\"><strong>Fomento del esp\u00edritu emprendedor<\/strong><\/a>. Heraldo de Arag\u00f3n, 23 de febrero de 2015<br \/><a href=\"https:\/\/personal.unizar.es\/jamolina\/wp-content\/uploads\/2021\/07\/150220_z0_38.pdf\" target=\"_blank\" rel=\"noopener\"><strong>El emprendimiento por necesidad es el 30% del total.<\/strong><\/a> Heraldo de Arag\u00f3n, 20 de febrero de 2015<br \/><a href=\"https:\/\/personal.unizar.es\/jamolina\/wp-content\/uploads\/2021\/07\/150113_z0_molina.pdf\" target=\"_blank\" rel=\"noopener\"><strong>Empleo y Fomento del Emprendimiento.<\/strong><\/a> Heraldo de Arag\u00f3n, 1 de enero de 2015<\/p><h4><strong>2014:<\/strong><\/h4><p><a href=\"https:\/\/personal.unizar.es\/jamolina\/wp-content\/uploads\/2021\/07\/140620_z0_5.pdf\" target=\"_blank\" rel=\"noopener\"><strong>Estabilidad, empleo y j\u00f3venes<\/strong><\/a>. Heraldo de Arag\u00f3n, 20 de junio de 2014<br \/><a href=\"https:\/\/personal.unizar.es\/jamolina\/wp-content\/uploads\/2021\/07\/140603_z0_molina.pdf\" target=\"_blank\" rel=\"noopener\"><strong>Hacia el necesario mercado laboral \u00fanico en Europa.<\/strong><\/a> Heraldo de Arag\u00f3n, 1 de junio de 2014<\/p><h4><strong>2012:<\/strong><\/h4><p><a href=\"https:\/\/personal.unizar.es\/jamolina\/wp-content\/uploads\/2021\/07\/economiaunadisciplinanecesaria.pdf\" target=\"_blank\" rel=\"noopener\"><strong>Econom\u00eda, una disciplina necesaria.<\/strong> <\/a>Heraldo de Arag\u00f3n, 13 de noviembre de 2012.<br \/><a href=\"https:\/\/personal.unizar.es\/jamolina\/wp-content\/uploads\/2021\/07\/mas_duro_2012.pdf\" target=\"_blank\" rel=\"noopener\"><strong>Equilibrio presupuestario<\/strong><\/a>. 9 de septiembre de 2012. Heraldo de Arag\u00f3n.<br \/><a href=\"https:\/\/personal.unizar.es\/jamolina\/wp-content\/uploads\/2021\/07\/luces-y-sombras.pdf\" target=\"_blank\" rel=\"noopener\"><strong>Luces y sombras.<\/strong><\/a> 1 de mayo de 2012. Heraldo de Arag\u00f3n.<br \/><a href=\"https:\/\/personal.unizar.es\/jamolina\/wp-content\/uploads\/2021\/07\/europa_dos_velocidades-1.pdf\" target=\"_blank\" rel=\"noopener\"><strong>Una Europa a dos velocidades ser\u00eda el primer paso la destrucci\u00f3n de nuestro mercado<\/strong><\/a>. enero de 2012. aragouniversidad.es<\/p><h4><strong>2011:<\/strong><\/h4><p><a href=\"https:\/\/personal.unizar.es\/jamolina\/wp-content\/uploads\/2021\/07\/empleo_negociacion.pdf\" target=\"_blank\" rel=\"noopener\"><strong>P\u00e9rdida de empleo y negociaci\u00f3n colectiva.<\/strong><\/a> 15 de mayo de 2011. Heraldo de Arag\u00f3n.<br \/><a href=\"https:\/\/personal.unizar.es\/jamolina\/wp-content\/uploads\/2021\/07\/internacionalizacion_innovacion.pdf\" target=\"_blank\" rel=\"noopener\"><strong>Jos\u00e9 Alberto Molina ha recalcado que la internacionalizaci\u00f3n, la innovaci\u00f3n y el esp\u00edritu emprendedor son los \u201cpilares\u201d de la nueva econom\u00eda.<\/strong><\/a> 21 de marzo de 2011. Europa Press.<br \/><a href=\"https:\/\/personal.unizar.es\/jamolina\/wp-content\/uploads\/2021\/07\/reforma-pensiones.pdf\" target=\"_blank\" rel=\"noopener\"><strong>La reforma de las pensiones es inevitable y urgente<\/strong><\/a>. enero de 2011. Expresi\u00f3n Econ\u00f3mica, n\u00famero 44.<\/p><h4><strong>2010:<\/strong><\/h4><p><a href=\"https:\/\/personal.unizar.es\/jamolina\/wp-content\/uploads\/2021\/07\/crisis_fondo.pdf\" target=\"_blank\" rel=\"noopener\"><strong>La crisis ha tocado fondo en Arag\u00f3n.<\/strong> <\/a>5 de septiembre de 2010. Heraldo de Arag\u00f3n.<br \/><a href=\"https:\/\/personal.unizar.es\/jamolina\/wp-content\/uploads\/2021\/07\/buena_direccion.pdf\" target=\"_blank\" rel=\"noopener\"><strong>El texto apunta en la buena direcci\u00f3n, pero es parcial. (sobre la propuesta de reforma laboral del Gobierno).<\/strong><\/a> 14 de junio de 2010. Heraldo de Arag\u00f3n.<br \/><a href=\"https:\/\/personal.unizar.es\/jamolina\/wp-content\/uploads\/2021\/07\/perdido.pdf\" target=\"_blank\" rel=\"noopener\"><strong>El empleo: un a\u00f1o perdido<\/strong><\/a>. 1 de enero de 2010. Heraldo de Arag\u00f3n.<br \/><a href=\"https:\/\/personal.unizar.es\/jamolina\/wp-content\/uploads\/2021\/07\/Presidencia.pdf\" target=\"_blank\" rel=\"noopener\"><strong>Presidencia.<\/strong><\/a> 17 de enero de 2010. El Peri\u00f3dico de Arag\u00f3n.<\/p><h4><strong>2009:<\/strong><\/h4><p><a href=\"https:\/\/personal.unizar.es\/jamolina\/wp-content\/uploads\/2021\/07\/cuando.pdf\" target=\"_blank\" rel=\"noopener\"><strong>\u00bfCu\u00e1ndo?<\/strong><\/a>. 6 de diciembre de 2009. El Peri\u00f3dico de Arag\u00f3n.<br \/><a href=\"https:\/\/personal.unizar.es\/jamolina\/wp-content\/uploads\/2021\/07\/calidad_laboral.pdf\" target=\"_blank\" rel=\"noopener\"><strong>Calidad Laboral.<\/strong><\/a> 8 de noviembre de 2009. El Peri\u00f3dico de Arag\u00f3n. Hay signos de mejor\u00eda, pero la situaci\u00f3n no remontar\u00e1 en 2010. 23 de Septiembre de 2009. Heraldo de Arag\u00f3n.<br \/><a href=\"https:\/\/personal.unizar.es\/jamolina\/wp-content\/uploads\/2021\/07\/compra_vivienda.pdf\" target=\"_blank\" rel=\"noopener\"><strong>\u00bfEs el momento de comprar una vivienda?<\/strong><\/a>. 20 de Septiembre de 2009. Heraldo de Arag\u00f3n.<br \/><a href=\"https:\/\/personal.unizar.es\/jamolina\/wp-content\/uploads\/2021\/07\/pacto_vital.pdf\" target=\"_blank\" rel=\"noopener\"><strong>Pacto Vital.<\/strong><\/a> 13 de Septiembre de 2009. El Peri\u00f3dico de Arag\u00f3n.<br \/><a href=\"https:\/\/personal.unizar.es\/jamolina\/wp-content\/uploads\/2021\/07\/crisis_y_mercado.pdf\" target=\"_blank\" rel=\"noopener\"><strong>La crisis y el mercado laboral.<\/strong> <\/a>12 de Julio de 2009. Heraldo de Arag\u00f3n.<br \/><a href=\"https:\/\/personal.unizar.es\/jamolina\/wp-content\/uploads\/2021\/07\/funemployed.pdf\" target=\"_blank\" rel=\"noopener\"><strong>Funemployed.<\/strong><\/a> 12 de Julio de 2009. El Peri\u00f3dico de Arag\u00f3n.<br \/><a href=\"https:\/\/personal.unizar.es\/jamolina\/wp-content\/uploads\/2021\/07\/entropia.pdf\" target=\"_blank\" rel=\"noopener\"><strong>Entrop\u00eda.<\/strong><\/a> 3 de Mayo de 2009. El Peri\u00f3dico de Arag\u00f3n.<br \/><a href=\"https:\/\/personal.unizar.es\/jamolina\/wp-content\/uploads\/2021\/07\/competitividad.pdf\" target=\"_blank\" rel=\"noopener\"><strong>Competitividad integral.<\/strong><\/a> 5 de Abril de 2009. El Peri\u00f3dico de Arag\u00f3n.<br \/><a href=\"https:\/\/personal.unizar.es\/jamolina\/wp-content\/uploads\/2021\/07\/restaurar.pdf\" target=\"_blank\" rel=\"noopener\"><strong>Restaurar el crecimiento.<\/strong> <\/a>13 de Abril de 2009. Heraldo de Arag\u00f3n<br \/><a href=\"https:\/\/personal.unizar.es\/jamolina\/wp-content\/uploads\/2021\/07\/altruismo.pdf\" target=\"_blank\" rel=\"noopener\"><strong>Altruismo<\/strong><\/a>. 22 de Febrero de 2009. El Peri\u00f3dico de Arag\u00f3n.<br \/><a href=\"https:\/\/personal.unizar.es\/jamolina\/wp-content\/uploads\/2021\/07\/Formacion.pdf\" target=\"_blank\" rel=\"noopener\"><strong>Formaci\u00f3n.<\/strong><\/a> 18 de Enero de 2009. El Peri\u00f3dico de Arag\u00f3n.<\/p><h4><strong>2008:<\/strong><\/h4><p><a href=\"https:\/\/personal.unizar.es\/jamolina\/wp-content\/uploads\/2021\/07\/crisis2010.pdf\" target=\"_blank\" rel=\"noopener\"><strong>No ser\u00e1 2010 el a\u00f1o de salida de la crisis.<\/strong><\/a> 31 de Diciembre de 2008. Heraldo de Arag\u00f3n.<br \/><a href=\"https:\/\/personal.unizar.es\/jamolina\/wp-content\/uploads\/2021\/07\/ventajas.pdf\" target=\"_blank\" rel=\"noopener\"><strong>Ventajas.<\/strong><\/a> 21 de Diciembre de 2008. El Peri\u00f3dico de Arag\u00f3n.<br \/><a href=\"https:\/\/personal.unizar.es\/jamolina\/wp-content\/uploads\/2021\/07\/crisisydivorcios.pdf\" target=\"_blank\" rel=\"noopener\"><strong>Crisis y divorcios.<\/strong><\/a> 16 de Noviembre de 2008. El Peri\u00f3dico de Arag\u00f3n.<br \/><a href=\"https:\/\/personal.unizar.es\/jamolina\/wp-content\/uploads\/2021\/07\/heraldo_crisis.pdf\" target=\"_blank\" rel=\"noopener\"><strong>Crisis econ\u00f3mica.<\/strong><\/a> 19 de Octubre de 2008. Heraldo de Arag\u00f3n.<br \/><a href=\"https:\/\/personal.unizar.es\/jamolina\/wp-content\/uploads\/2021\/07\/econ_bachillerato.pdf\" target=\"_blank\" rel=\"noopener\"><strong>La Econom\u00eda en el Bachillerato.<\/strong><\/a> 19 de Junio de 2008. Heraldo de Arag\u00f3n.<br \/><a href=\"https:\/\/personal.unizar.es\/jamolina\/wp-content\/uploads\/2021\/07\/expo_y_universidad.pdf\" target=\"_blank\" rel=\"noopener\"><strong>Expo y Universidad.<\/strong> <\/a>25 de Mayo de 2008. El Peri\u00f3dico de Arag\u00f3n.<br \/><a href=\"https:\/\/personal.unizar.es\/jamolina\/wp-content\/uploads\/2021\/07\/dinkis.pdf\" target=\"_blank\" rel=\"noopener\"><strong>Econom\u00eda y familia: Los Dinkis.<\/strong><\/a> 9 de Marzo de 2008. El Peri\u00f3dico de Arag\u00f3n.<br \/><a href=\"https:\/\/personal.unizar.es\/jamolina\/wp-content\/uploads\/2021\/07\/bien_pero.pdf\" target=\"_blank\" rel=\"noopener\"><strong>La Econom\u00eda bien, pero\u2026<\/strong> <\/a>El Peri\u00f3dico de Arag\u00f3n. 27 de enero de 2008<\/p><h4><strong>2007:<\/strong><\/h4><p><a href=\"https:\/\/personal.unizar.es\/jamolina\/wp-content\/uploads\/2021\/07\/jovenes_y_mercado_de_trabajo_28_octubre_2007.pdf\" target=\"_blank\" rel=\"noopener\"><strong>J\u00f3venes y mercado de trabajo.<\/strong><\/a> 28 de Octubre de 2007. El Peri\u00f3dico de Arag\u00f3n.<br \/><a href=\"https:\/\/personal.unizar.es\/jamolina\/wp-content\/uploads\/2021\/07\/inmigracion_ec_soc.pdf\" target=\"_blank\" rel=\"noopener\"><strong>Inmigraci\u00f3n, econom\u00eda y sociedad.<\/strong><\/a> 18 de Noviembre de 2007. El Peri\u00f3dico de Arag\u00f3n.<br \/><a href=\"https:\/\/personal.unizar.es\/jamolina\/wp-content\/uploads\/2021\/07\/envejecimiento_y_dependencia.pdf\" target=\"_blank\" rel=\"noopener\"><strong>Envejecimiento y dependencia.<\/strong> <\/a>9 de Septiembre de 2007. El Peri\u00f3dico de Arag\u00f3n.<br \/><a href=\"https:\/\/personal.unizar.es\/jamolina\/wp-content\/uploads\/2021\/07\/investigacion_y_desarrollo.pdf\" target=\"_blank\" rel=\"noopener\"><strong>Investigaci\u00f3n y desarrollo.<\/strong><\/a> 17 de Junio de 2007. El Peri\u00f3dico de Arag\u00f3n.<br \/><a href=\"https:\/\/personal.unizar.es\/jamolina\/wp-content\/uploads\/2021\/07\/La_Convergencia_Universitaria.pdf\" target=\"_blank\" rel=\"noopener\"><strong>La convergencia universitaria.<\/strong><\/a> 6 de Mayo de 2007. El Peri\u00f3dico de Arag\u00f3n.<br \/><a href=\"https:\/\/personal.unizar.es\/jamolina\/wp-content\/uploads\/2021\/07\/crecimiento_economico.pdf\" target=\"_blank\" rel=\"noopener\"><strong>Crecimiento econ\u00f3mico.<\/strong><\/a> 25 de Marzo de 2007. El Peri\u00f3dico de Arag\u00f3n.<br \/><a href=\"https:\/\/personal.unizar.es\/jamolina\/wp-content\/uploads\/2021\/07\/entrevista.pdf\" target=\"_blank\" rel=\"noopener\"><strong>Entrevista.<\/strong><\/a> 4 de Marzo de 2007. El Peri\u00f3dico de Arag\u00f3n.<br \/><a href=\"https:\/\/personal.unizar.es\/jamolina\/wp-content\/uploads\/2021\/07\/la_economia_aragonesa.pdf\" target=\"_blank\" rel=\"noopener\"><strong>La econom\u00eda aragonesa.<\/strong><\/a><br \/><a href=\"https:\/\/personal.unizar.es\/jamolina\/wp-content\/uploads\/2021\/07\/Mercado_de_trabajo_y_poblacion.pdf\" target=\"_blank\" rel=\"noopener\"><strong>Mercado de trabajo y poblaci\u00f3n<\/strong><\/a>. 25 de Febrero de 2007. El Peri\u00f3dico de Arag\u00f3n.<br \/><a href=\"https:\/\/personal.unizar.es\/jamolina\/wp-content\/uploads\/2021\/07\/Contaminacion_e_impuestos.pdf\" target=\"_blank\" rel=\"noopener\"><strong>Contaminaci\u00f3n e impuestos.<\/strong><\/a> 28 de Enero de 2007. El Peri\u00f3dico de Arag\u00f3n.<\/p><h4><strong>2006:<\/strong><\/h4><p><a href=\"https:\/\/personal.unizar.es\/jamolina\/wp-content\/uploads\/2021\/07\/Salarios_genero_e_igualdad.pdf\" target=\"_blank\" rel=\"noopener\"><strong>Salarios, g\u00e9nero e igualdad.<\/strong><\/a> 17 de Diciembre de 2006. El Peri\u00f3dico de Arag\u00f3n.<br \/><a href=\"https:\/\/personal.unizar.es\/jamolina\/wp-content\/uploads\/2021\/07\/Tabaco_jovenes_y_fiscalidad.pdf\" target=\"_blank\" rel=\"noopener\"><strong>Tabaco, j\u00f3venes y fiscalidad.<\/strong><\/a> 19 de Noviembre de 2006. El Peri\u00f3dico de Arag\u00f3n.<\/p>\t\t\t\t\t\t<\/div>\n\t\t\t\t<\/div>\n\t\t\t\t\t<\/div>\n\t\t<\/div>\n\t\t\t\t\t\t\t<\/div>\n\t\t<\/section>\n\t\t\t\t\t\t<\/div>\n\t\t\t\t\t<\/div>\n\t\t","protected":false},"excerpt":{"rendered":"<p>Jos\u00e9 Alberto Molina University of Zaragoza (Spain) and Institute for the Study of Labor-IZA (Germany) Art\u00edculos de Opini\u00f3n 2017: Emprender entre emprendedores. Heraldo de Arag\u00f3n, 14 de mayo de 2017 \u00bfAl final ser\u00e1 la econom\u00eda?. Heraldo de Arag\u00f3n, 15 de octubre de 20157 2016: Lecciones de Emprendimiento. Heraldo de Arag\u00f3n, 20 de julio de 2016 &hellip;<\/p>\n<p class=\"read-more\"> <a class=\"\" href=\"https:\/\/personal.unizar.es\/jamolina\/opinion\/\"> <span class=\"screen-reader-text\">Opini\u00f3n<\/span> Leer m\u00e1s &raquo;<\/a><\/p>\n","protected":false},"author":1,"featured_media":0,"parent":0,"menu_order":0,"comment_status":"closed","ping_status":"closed","template":"","meta":{"site-sidebar-layout":"no-sidebar","site-content-layout":"page-builder","ast-main-header-display":"","ast-hfb-above-header-display":"","ast-hfb-below-header-display":"","ast-hfb-mobile-header-display":"","site-post-title":"disabled","ast-breadcrumbs-content":"","ast-featured-img":"disabled","footer-sml-layout":"","theme-transparent-header-meta":"default","adv-header-id-meta":"","stick-header-meta":"","header-above-stick-meta":"","header-main-stick-meta":"","header-below-stick-meta":"","footnotes":""},"class_list":["post-805","page","type-page","status-publish","hentry"],"_links":{"self":[{"href":"https:\/\/personal.unizar.es\/jamolina\/wp-json\/wp\/v2\/pages\/805"}],"collection":[{"href":"https:\/\/personal.unizar.es\/jamolina\/wp-json\/wp\/v2\/pages"}],"about":[{"href":"https:\/\/personal.unizar.es\/jamolina\/wp-json\/wp\/v2\/types\/page"}],"author":[{"embeddable":true,"href":"https:\/\/personal.unizar.es\/jamolina\/wp-json\/wp\/v2\/users\/1"}],"replies":[{"embeddable":true,"href":"https:\/\/personal.unizar.es\/jamolina\/wp-json\/wp\/v2\/comments?post=805"}],"version-history":[{"count":20,"href":"https:\/\/personal.unizar.es\/jamolina\/wp-json\/wp\/v2\/pages\/805\/revisions"}],"predecessor-version":[{"id":924,"href":"https:\/\/personal.unizar.es\/jamolina\/wp-json\/wp\/v2\/pages\/805\/revisions\/924"}],"wp:attachment":[{"href":"https:\/\/personal.unizar.es\/jamolina\/wp-json\/wp\/v2\/media?parent=805"}],"curies":[{"name":"wp","href":"https:\/\/api.w.org\/{rel}","templated":true}]}}